{"id":33268,"date":"2023-12-14T12:23:23","date_gmt":"2023-12-14T11:23:23","guid":{"rendered":"https:\/\/permakultur-landwirtschaft.org\/?page_id=33268"},"modified":"2026-03-16T18:46:12","modified_gmt":"2026-03-16T17:46:12","slug":"abkuerzungen-und-begriffe","status":"publish","type":"page","link":"https:\/\/permakultur-landwirtschaft.org\/fr\/abkuerzungen-und-begriffe\/","title":{"rendered":"Abr\u00e9viations et notions"},"content":{"rendered":"<div data-elementor-type=\"wp-page\" data-elementor-id=\"33268\" class=\"elementor elementor-33268\" data-elementor-post-type=\"page\">\n\t\t\t\t<div class=\"elementor-element elementor-element-01d0e18 e-flex e-con-boxed e-con e-parent\" data-id=\"01d0e18\" data-element_type=\"container\" data-e-type=\"container\">\n\t\t\t\t\t<div class=\"e-con-inner\">\n\t\t\t\t<div class=\"elementor-element elementor-element-b89762c elementor-widget elementor-widget-heading\" data-id=\"b89762c\" data-element_type=\"widget\" data-e-type=\"widget\" data-widget_type=\"heading.default\">\n\t\t\t\t<div class=\"elementor-widget-container\">\n\t\t\t\t\t<h1 class=\"elementor-heading-title elementor-size-default\">Abr\u00e9viations et notions<\/h1>\t\t\t\t<\/div>\n\t\t\t\t<\/div>\n\t\t\t\t<div class=\"elementor-element elementor-element-81cd9ee elementor-align-left elementor-widget elementor-widget-global elementor-global-31837 elementor-widget-post-info\" data-id=\"81cd9ee\" data-element_type=\"widget\" data-e-type=\"widget\" data-widget_type=\"post-info.default\">\n\t\t\t\t<div class=\"elementor-widget-container\">\n\t\t\t\t\t\t\t<ul class=\"elementor-inline-items elementor-icon-list-items elementor-post-info\">\n\t\t\t\t\t\t\t\t<li class=\"elementor-icon-list-item elementor-repeater-item-b86257f elementor-inline-item\">\n\t\t\t\t\t\t\t\t\t\t\t\t\t<span class=\"elementor-icon-list-text elementor-post-info__item elementor-post-info__item--type-custom\">\n\t\t\t\t\t\t\t\t\t\tDerni\u00e8re mise \u00e0 jour\t\t\t\t\t<\/span>\n\t\t\t\t\t\t\t\t<\/li>\n\t\t\t\t<li class=\"elementor-icon-list-item elementor-repeater-item-94e5de7 elementor-inline-item\">\n\t\t\t\t\t\t\t\t\t\t\t\t\t<span class=\"elementor-icon-list-text elementor-post-info__item elementor-post-info__item--type-custom\">\n\t\t\t\t\t\t\t\t\t\t16. mars 2026\t\t\t\t\t<\/span>\n\t\t\t\t\t\t\t\t<\/li>\n\t\t\t\t<\/ul>\n\t\t\t\t\t\t<\/div>\n\t\t\t\t<\/div>\n\t\t\t\t<div class=\"elementor-element elementor-element-85cfeb8 elementor-widget elementor-widget-text-editor\" data-id=\"85cfeb8\" data-element_type=\"widget\" data-e-type=\"widget\" data-widget_type=\"text-editor.default\">\n\t\t\t\t<div class=\"elementor-widget-container\">\n\t\t\t\t\t\t\t\t\t<p>Hier sammeln wir Abk\u00fcrzungen und Begriffe rund um das Thema Permakultur-Landwirtschaft. Weitere Hinweise nehmen wir gerne entgegen unter <a href=\"https:\/\/permakultur-landwirtschaft.org\/fr\/kontakt\/\" target=\"_blank\" rel=\"noopener\">Contacts<\/a>.<\/p>\t\t\t\t\t\t\t\t<\/div>\n\t\t\t\t<\/div>\n\t\t\t\t<div class=\"elementor-element elementor-element-dced1b3 elementor-widget elementor-widget-text-editor\" data-id=\"dced1b3\" data-element_type=\"widget\" data-e-type=\"widget\" data-widget_type=\"text-editor.default\">\n\t\t\t\t<div class=\"elementor-widget-container\">\n\t\t\t\t\t\t\t\t\t<ul>\n<li><a href=\"https:\/\/www.acorda.ch\/\" target=\"_blank\" rel=\"noopener\">ACORDA = Administration COordonn\u00e9e Romande des Donn\u00e9es Agricoles<\/a><\/li>\n<li><a href=\"https:\/\/www.agate.ch\/\" target=\"_blank\" rel=\"noopener\">agate = Online-Schalter f\u00fcr die Landwirtschaft<\/a><\/li>\n<li>AFS = Agroforestry systems<\/li>\n<li>ALA = Amt f\u00fcr Landwirtschaft<\/li>\n<li>AFS = Agroforestry systems<\/li>\n<li>BDA = Beaver Dam Analogs = Der Begriff stammt aus den USA und bezeichnet kosteng\u00fcnstige, naturnahe Querstrukturen aus Holz, die in B\u00e4chen eingebaut werden und dort wie nat\u00fcrliche Biberd\u00e4mme wirken. Diese D\u00e4mme puffern den Wasserhaushalt und beugen Trockenheit vor, die wiedervern\u00e4ssten Fl\u00e4chen k\u00fchlen die Umgebung und stellen wertvolle Lebensr\u00e4ume f\u00fcr seltene Tiere und Pflanzen (unter anderem Fische, Wasserinsekten, Sumpfpflanzen, Amphibien, Reptilien, V\u00f6gel und Flederm\u00e4use) bereit. Die B\u00e4che lassen sich so kosteneffizient revitalisieren und werden widerstandsf\u00e4higer gegen\u00fcber den Klimaextremen Trockenheit und Starkniederschlag. &#8211; Umgesetzt z.B. beim Hof Horbermatt, siehe <a href=\"https:\/\/www.jungfrauzeitung.ch\/artikel\/215556\/\" target=\"_blank\" rel=\"noopener\">Artikel<\/a><\/li>\n<li><a href=\"https:\/\/www.hoflabor.ch\/methoden\" target=\"_blank\" rel=\"noopener\">CTF = Controlled Traffic Farming<\/a><\/li>\n<li>DGVE = D\u00fcngergrossvieheinheit<\/li>\n<li>EBBG = Einheimische standort-gerechte Einzelb\u00e4ume und Alleen<\/li>\n<li>FAO = Food and Agriculture Organization of the United Nations<\/li>\n<li>FGT = Fast-Growing Trees<\/li>\n<li>GNSS = Global Navigation Satellite System<\/li>\n<li>GPS = Global Positioning System (most prevalent GNSS)<\/li>\n<li>GRUD = Grundlagen f\u00fcr die D\u00fcngung landwirtschaftlicher Kulturen<\/li>\n<li><a href=\"https:\/\/www.bfs.admin.ch\/asset\/de\/5929886\" target=\"_blank\" rel=\"noopener\">GVE = Grossvieheinheit<\/a><\/li>\n<li><a href=\"https:\/\/www.blw.admin.ch\/blw\/de\/home\/politik\/datenmanagement\/agate\/hoduflu.html\" target=\"_blank\" rel=\"noopener\">HODUFLU = HofDurchFluss = Internetprogramm zur einheitlichen Verwaltung von Hof- und Recyclingd\u00fcngerverschiebungen in der Landwirtschaft<\/a><\/li>\n<li>HOFO = Hochstamm-Feldobstb\u00e4ume (Kernobst-, Steinobst-, Nuss- sowie Kastanienb\u00e4ume)<\/li>\n<li>IPC = International Commission on Poplars and Other Fast-Growing Trees Sustaining People and the Environment<\/li>\n<li><a href=\"https:\/\/www.blw.admin.ch\/de\/direktzahlungen-uebersicht\" target=\"_blank\" rel=\"noopener\">LBV = Landwirtschaftliche Begriffsverordnung. Zu finden unter: Weisungen und Erl\u00e4uterungen zur Verordnung \u00fcber landwirtschaftliche Begriffe und die Anerkennung von Betriebsformen (SR 910.91)<\/a><\/li>\n<li>LN = Landwirtschaftliche Nutzfl\u00e4che<\/li>\n<li><a href=\"https:\/\/www.agroscope.admin.ch\/agroscope\/de\/home\/themen\/umwelt-ressourcen\/biodiversitaet-landschaft\/oekologischer-ausgleich\/oekologischer-ausgleich.html\" target=\"_blank\" rel=\"noopener\">\u00d6kologischer Ausgleich<\/a><\/li>\n<li><a href=\"https:\/\/www.blw.admin.ch\/de\/oekologischer-leistungsnachweis\" target=\"_blank\" rel=\"noopener\">\u00d6LN = \u00d6kologischer Leistungsnachweis<\/a><\/li>\n<li>PAK = polyzyklischen aromatischen Kohlenwasserstoffen<\/li>\n<li>Paludikultur = Landwirtschaftliche Nutzung nasser organischer B\u00f6den &gt; <a href=\"https:\/\/www.fibl.org\/de\/shop\/1829-paludikultur\" target=\"_blank\" rel=\"noopener\">Merkblatt zu Paludikultur vom FiBL<\/a><\/li>\n<li>Portionsweide = intensive Koppel- oder Umtriebsweide<\/li>\n<li>R-LEK = Regionales Landschaftsentwicklungskonzept<\/li>\n<li>RTK = Real Time Kinematic positioning<\/li>\n<li>RTF = Random Traffic Farming<\/li>\n<li><a href=\"https:\/\/www.blw.admin.ch\/blw\/de\/home\/instrumente\/grundlagen-und-querschnittsthemen\/sak.html\" target=\"_blank\" rel=\"noopener\">SAK = Standardarbeitskraft<\/a><\/li>\n<li>Samenfeste Sorten = Sortenfest = Pflanzensorten, die ihre Sorteneigenschaften durch Saatgutgewinnung und wiederholten Nachbau nicht, oder kaum verlieren k\u00f6nnen, werden als sortenfest bezeichnet.<\/li>\n<\/ul>\n<p><\/p>\n<p><\/p>\n<p><\/p>\t\t\t\t\t\t\t\t<\/div>\n\t\t\t\t<\/div>\n\t\t\t\t<div class=\"elementor-element elementor-element-4da4b6c elementor-widget elementor-widget-heading\" data-id=\"4da4b6c\" data-element_type=\"widget\" data-e-type=\"widget\" data-widget_type=\"heading.default\">\n\t\t\t\t<div class=\"elementor-widget-container\">\n\t\t\t\t\t<h2 class=\"elementor-heading-title elementor-size-default\">Landwirtschaftsformen<\/h2>\t\t\t\t<\/div>\n\t\t\t\t<\/div>\n\t\t\t\t<div class=\"elementor-element elementor-element-12f0af5 elementor-widget elementor-widget-text-editor\" data-id=\"12f0af5\" data-element_type=\"widget\" data-e-type=\"widget\" data-widget_type=\"text-editor.default\">\n\t\t\t\t<div class=\"elementor-widget-container\">\n\t\t\t\t\t\t\t\t\t<p>Es gibt viele Bezeichnungen f\u00fcr unterschiedliche Formen der landwirtschaftlichen Praktiken. Teils Bezeichnungen werden auch nur von einzelnen Betrieben verwendet. Wir m\u00f6chten hier eine \u00dcbersicht aufzeigen, was uns alles schon zu h\u00f6ren gekommen ist.<\/p>\t\t\t\t\t\t\t\t<\/div>\n\t\t\t\t<\/div>\n\t\t\t\t<div class=\"elementor-element elementor-element-6252802 elementor-widget elementor-widget-text-editor\" data-id=\"6252802\" data-element_type=\"widget\" data-e-type=\"widget\" data-widget_type=\"text-editor.default\">\n\t\t\t\t<div class=\"elementor-widget-container\">\n\t\t\t\t\t\t\t\t\t<ul>\n<li>Agrar\u00f6kologie, agroecology<\/li>\n<li>Agroforst, Agroforestery<\/li>\n<li>Biodynamische Landwirtschaft, Anthroposophische Landwirtschaft (Demeter)<\/li>\n<li>Biointensiver Anbau<\/li>\n<li>Holistisches Weidemanagement (Holistic Planned Grazing)<\/li>\n<li><a href=\"https:\/\/jadamfarming.com\/\" target=\"_blank\" rel=\"noopener\">JADAM Organic Farming<\/a><\/li>\n<li>Korean Natural Farming (KNF)<\/li>\n<li>Nat\u00fcrliche Landwirtschaft\n<ul>\n<li>Nat\u00fcrliche Landwirtschaft nach Masanobu Fukuoka, Fukuoka-Methode<\/li>\n<li>Nat\u00fcrliche Landwirtschaft nach Mokichi Okada (Shumei Natural Agriculture)<\/li>\n<li>Nat\u00fcrliche Landwirtschaft nach Subhash Palekar (Indien)<\/li>\n<\/ul>\n<\/li>\n<li>Naturparit\u00e4tische Landwirtschaft<\/li>\n<li>Messianische Landwirtschaft<\/li>\n<li><a href=\"https:\/\/www.hoflabor.ch\/methoden\" target=\"_blank\" rel=\"noopener\">Mosaik Landwirtschaft<\/a><\/li>\n<li>\u00d6kosystem Landwirtschaft<\/li>\n<li><a href=\"https:\/\/permakultur-landwirtschaft.org\/fr\/was-ist-permakultur-landwirtschaft\/\" target=\"_blank\" rel=\"noopener\">Permakultur-Landwirtschaft, permaculture<\/a><\/li>\n<li>Konservierende Landwirtschaft<\/li>\n<li>Regenerative Landwirtschaft, regenerative agriculture<\/li>\n<li>Solidarische Landwirtschaft Solawi (CSA \u2013 Community Supported Agriculture)<\/li>\n<li>Synergistische Landwirtschaft (nach Emilia Hazelip)<\/li>\n<li>Vegan-\u00f6kologische Landwirtschaft<\/li>\n<li>Wildnislandwirtschaft (Wild Farming)<\/li>\n<li><a href=\"http:\/\/swamivivekanandauniversitypress.com\/index.php\/svup\/article\/download\/455\/441\" target=\"_blank\" rel=\"noopener\">Zero Budget Natural Farming (ZBNF)<\/a> <br \/>= Eine innovative landwirtschaftliche Methode, bei der der Schwerpunkt auf chemiefreiem Anbau ohne Produktionskosten liegt, entwickelt von Subhash Palekar.<\/li>\n<\/ul>\n<p><\/p>\n<p><\/p>\n<p><\/p>\t\t\t\t\t\t\t\t<\/div>\n\t\t\t\t<\/div>\n\t\t\t\t<div class=\"elementor-element elementor-element-ac9bf17 elementor-widget elementor-widget-spacer\" data-id=\"ac9bf17\" data-element_type=\"widget\" data-e-type=\"widget\" data-widget_type=\"spacer.default\">\n\t\t\t\t<div class=\"elementor-widget-container\">\n\t\t\t\t\t\t\t<div class=\"elementor-spacer\">\n\t\t\t<div class=\"elementor-spacer-inner\"><\/div>\n\t\t<\/div>\n\t\t\t\t\t\t<\/div>\n\t\t\t\t<\/div>\n\t\t\t\t\t<\/div>\n\t\t\t\t<\/div>\n\t\t\t\t<\/div>","protected":false},"excerpt":{"rendered":"<p>Abk\u00fcrzungen und Begriffe Hier sammeln wir Abk\u00fcrzungen und Begriffe rund um das Thema Permakultur-Landwirtschaft. Weitere Hinweise nehmen wir gerne entgegen unter Kontakt. ACORDA = Administration COordonn\u00e9e Romande des Donn\u00e9es Agricoles agate = Online-Schalter f\u00fcr die Landwirtschaft AFS = Agroforestry systems ALA = Amt f\u00fcr Landwirtschaft AFS = Agroforestry systems BDA = Beaver Dam Analogs = [&hellip;]<\/p>\n","protected":false},"author":2,"featured_media":34973,"parent":0,"menu_order":0,"comment_status":"closed","ping_status":"closed","template":"","meta":{"_acf_changed":false,"site-sidebar-layout":"no-sidebar","site-content-layout":"page-builder","ast-site-content-layout":"full-width-container","site-content-style":"default","site-sidebar-style":"default","ast-global-header-display":"","ast-banner-title-visibility":"","ast-main-header-display":"","ast-hfb-above-header-display":"","ast-hfb-below-header-display":"","ast-hfb-mobile-header-display":"","site-post-title":"disabled","ast-breadcrumbs-content":"","ast-featured-img":"disabled","footer-sml-layout":"","ast-disable-related-posts":"","theme-transparent-header-meta":"","adv-header-id-meta":"","stick-header-meta":"","header-above-stick-meta":"","header-main-stick-meta":"","header-below-stick-meta":"","astra-migrate-meta-layouts":"set","ast-page-background-enabled":"default","ast-page-background-meta":{"desktop":{"background-color":"var(--ast-global-color-4)","background-image":"","background-repeat":"repeat","background-position":"center center","background-size":"auto","background-attachment":"scroll","background-type":"","background-media":"","overlay-type":"","overlay-color":"","overlay-opacity":"","overlay-gradient":""},"tablet":{"background-color":"","background-image":"","background-repeat":"repeat","background-position":"center center","background-size":"auto","background-attachment":"scroll","background-type":"","background-media":"","overlay-type":"","overlay-color":"","overlay-opacity":"","overlay-gradient":""},"mobile":{"background-color":"","background-image":"","background-repeat":"repeat","background-position":"center center","background-size":"auto","background-attachment":"scroll","background-type":"","background-media":"","overlay-type":"","overlay-color":"","overlay-opacity":"","overlay-gradient":""}},"ast-content-background-meta":{"desktop":{"background-color":"var(--ast-global-color-5)","background-image":"","background-repeat":"repeat","background-position":"center center","background-size":"auto","background-attachment":"scroll","background-type":"","background-media":"","overlay-type":"","overlay-color":"","overlay-opacity":"","overlay-gradient":""},"tablet":{"background-color":"var(--ast-global-color-5)","background-image":"","background-repeat":"repeat","background-position":"center center","background-size":"auto","background-attachment":"scroll","background-type":"","background-media":"","overlay-type":"","overlay-color":"","overlay-opacity":"","overlay-gradient":""},"mobile":{"background-color":"var(--ast-global-color-5)","background-image":"","background-repeat":"repeat","background-position":"center center","background-size":"auto","background-attachment":"scroll","background-type":"","background-media":"","overlay-type":"","overlay-color":"","overlay-opacity":"","overlay-gradient":""}},"footnotes":""},"class_list":["post-33268","page","type-page","status-publish","has-post-thumbnail","hentry"],"acf":[],"yoast_head":"<!-- This site is optimized with the Yoast SEO plugin v27.5 - https:\/\/yoast.com\/product\/yoast-seo-wordpress\/ -->\n<title>Abk\u00fcrzungen und Begriffe - Permakultur-Landwirtschaft<\/title>\n<meta name=\"description\" content=\"Schweizer und internationale Abk\u00fcrzungen und Begriffe im Zusammenhang mit Permakultur-Landwirtschaft\" \/>\n<meta name=\"robots\" content=\"index, follow, max-snippet:-1, max-image-preview:large, max-video-preview:-1\" \/>\n<link rel=\"canonical\" href=\"https:\/\/permakultur-landwirtschaft.org\/fr\/abkuerzungen-und-begriffe\/\" \/>\n<meta property=\"og:locale\" content=\"fr_FR\" \/>\n<meta property=\"og:type\" content=\"article\" \/>\n<meta property=\"og:title\" content=\"Abk\u00fcrzungen und Begriffe - Permakultur-Landwirtschaft\" \/>\n<meta property=\"og:description\" content=\"Schweizer und internationale Abk\u00fcrzungen und Begriffe im Zusammenhang mit Permakultur-Landwirtschaft\" \/>\n<meta property=\"og:url\" content=\"https:\/\/permakultur-landwirtschaft.org\/fr\/abkuerzungen-und-begriffe\/\" \/>\n<meta property=\"og:site_name\" content=\"Permakultur-Landwirtschaft\" \/>\n<meta property=\"article:publisher\" content=\"https:\/\/www.facebook.com\/PermakulturLandwirtschaft\" \/>\n<meta property=\"article:modified_time\" content=\"2026-03-16T17:46:12+00:00\" \/>\n<meta property=\"og:image\" content=\"https:\/\/permakultur-landwirtschaft.org\/wp-content\/uploads\/2024\/06\/Buchstaben_AdobeStock_482428649_small.jpg\" \/>\n\t<meta property=\"og:image:width\" content=\"700\" \/>\n\t<meta property=\"og:image:height\" content=\"525\" \/>\n\t<meta property=\"og:image:type\" content=\"image\/jpeg\" \/>\n<meta name=\"twitter:card\" content=\"summary_large_image\" \/>\n<meta name=\"twitter:label1\" content=\"Dur\u00e9e de lecture estim\u00e9e\" \/>\n\t<meta name=\"twitter:data1\" content=\"3 minutes\" \/>\n<script type=\"application\/ld+json\" class=\"yoast-schema-graph\">{\"@context\":\"https:\\\/\\\/schema.org\",\"@graph\":[{\"@type\":\"WebPage\",\"@id\":\"https:\\\/\\\/permakultur-landwirtschaft.org\\\/abkuerzungen-und-begriffe\\\/\",\"url\":\"https:\\\/\\\/permakultur-landwirtschaft.org\\\/abkuerzungen-und-begriffe\\\/\",\"name\":\"Abk\u00fcrzungen und Begriffe - Permakultur-Landwirtschaft\",\"isPartOf\":{\"@id\":\"https:\\\/\\\/permakultur-landwirtschaft.org\\\/#website\"},\"primaryImageOfPage\":{\"@id\":\"https:\\\/\\\/permakultur-landwirtschaft.org\\\/abkuerzungen-und-begriffe\\\/#primaryimage\"},\"image\":{\"@id\":\"https:\\\/\\\/permakultur-landwirtschaft.org\\\/abkuerzungen-und-begriffe\\\/#primaryimage\"},\"thumbnailUrl\":\"https:\\\/\\\/permakultur-landwirtschaft.org\\\/wp-content\\\/uploads\\\/2024\\\/06\\\/Buchstaben_AdobeStock_482428649_small.jpg\",\"datePublished\":\"2023-12-14T11:23:23+00:00\",\"dateModified\":\"2026-03-16T17:46:12+00:00\",\"description\":\"Schweizer und internationale Abk\u00fcrzungen und Begriffe im Zusammenhang mit Permakultur-Landwirtschaft\",\"breadcrumb\":{\"@id\":\"https:\\\/\\\/permakultur-landwirtschaft.org\\\/abkuerzungen-und-begriffe\\\/#breadcrumb\"},\"inLanguage\":\"fr-FR\",\"potentialAction\":[{\"@type\":\"ReadAction\",\"target\":[\"https:\\\/\\\/permakultur-landwirtschaft.org\\\/abkuerzungen-und-begriffe\\\/\"]}]},{\"@type\":\"ImageObject\",\"inLanguage\":\"fr-FR\",\"@id\":\"https:\\\/\\\/permakultur-landwirtschaft.org\\\/abkuerzungen-und-begriffe\\\/#primaryimage\",\"url\":\"https:\\\/\\\/permakultur-landwirtschaft.org\\\/wp-content\\\/uploads\\\/2024\\\/06\\\/Buchstaben_AdobeStock_482428649_small.jpg\",\"contentUrl\":\"https:\\\/\\\/permakultur-landwirtschaft.org\\\/wp-content\\\/uploads\\\/2024\\\/06\\\/Buchstaben_AdobeStock_482428649_small.jpg\",\"width\":700,\"height\":525,\"caption\":\"Bild: AdobeStock\"},{\"@type\":\"BreadcrumbList\",\"@id\":\"https:\\\/\\\/permakultur-landwirtschaft.org\\\/abkuerzungen-und-begriffe\\\/#breadcrumb\",\"itemListElement\":[{\"@type\":\"ListItem\",\"position\":1,\"name\":\"Startseite\",\"item\":\"https:\\\/\\\/permakultur-landwirtschaft.org\\\/\"},{\"@type\":\"ListItem\",\"position\":2,\"name\":\"Abk\u00fcrzungen und Begriffe\"}]},{\"@type\":\"WebSite\",\"@id\":\"https:\\\/\\\/permakultur-landwirtschaft.org\\\/#website\",\"url\":\"https:\\\/\\\/permakultur-landwirtschaft.org\\\/\",\"name\":\"Permakultur-Landwirtschaft\",\"description\":\"F\u00f6rderung der Permakultur in der Landwirtschaft\",\"publisher\":{\"@id\":\"https:\\\/\\\/permakultur-landwirtschaft.org\\\/#organization\"},\"potentialAction\":[{\"@type\":\"SearchAction\",\"target\":{\"@type\":\"EntryPoint\",\"urlTemplate\":\"https:\\\/\\\/permakultur-landwirtschaft.org\\\/?s={search_term_string}\"},\"query-input\":{\"@type\":\"PropertyValueSpecification\",\"valueRequired\":true,\"valueName\":\"search_term_string\"}}],\"inLanguage\":\"fr-FR\"},{\"@type\":\"Organization\",\"@id\":\"https:\\\/\\\/permakultur-landwirtschaft.org\\\/#organization\",\"name\":\"Permakultur-Landwirtschaft\",\"alternateName\":\"Verein Permakultur-Landwirtschaft\",\"url\":\"https:\\\/\\\/permakultur-landwirtschaft.org\\\/\",\"logo\":{\"@type\":\"ImageObject\",\"inLanguage\":\"fr-FR\",\"@id\":\"https:\\\/\\\/permakultur-landwirtschaft.org\\\/#\\\/schema\\\/logo\\\/image\\\/\",\"url\":\"https:\\\/\\\/permakultur-landwirtschaft.org\\\/wp-content\\\/uploads\\\/2021\\\/11\\\/pela_1268x1269.png\",\"contentUrl\":\"https:\\\/\\\/permakultur-landwirtschaft.org\\\/wp-content\\\/uploads\\\/2021\\\/11\\\/pela_1268x1269.png\",\"width\":1298,\"height\":1269,\"caption\":\"Permakultur-Landwirtschaft\"},\"image\":{\"@id\":\"https:\\\/\\\/permakultur-landwirtschaft.org\\\/#\\\/schema\\\/logo\\\/image\\\/\"},\"sameAs\":[\"https:\\\/\\\/www.facebook.com\\\/PermakulturLandwirtschaft\",\"https:\\\/\\\/www.instagram.com\\\/permakultur_landwirtschaft\\\/\",\"https:\\\/\\\/www.flickr.com\\\/photos\\\/permakultur-landwirtschaft\",\"https:\\\/\\\/www.youtube.com\\\/@PermakulturLandwirtschaft\"]}]}<\/script>\n<!-- \/ Yoast SEO plugin. -->","yoast_head_json":{"title":"Abk\u00fcrzungen und Begriffe - Permakultur-Landwirtschaft","description":"Schweizer und internationale Abk\u00fcrzungen und Begriffe im Zusammenhang mit Permakultur-Landwirtschaft","robots":{"index":"index","follow":"follow","max-snippet":"max-snippet:-1","max-image-preview":"max-image-preview:large","max-video-preview":"max-video-preview:-1"},"canonical":"https:\/\/permakultur-landwirtschaft.org\/fr\/abkuerzungen-und-begriffe\/","og_locale":"fr_FR","og_type":"article","og_title":"Abk\u00fcrzungen und Begriffe - Permakultur-Landwirtschaft","og_description":"Schweizer und internationale Abk\u00fcrzungen und Begriffe im Zusammenhang mit Permakultur-Landwirtschaft","og_url":"https:\/\/permakultur-landwirtschaft.org\/fr\/abkuerzungen-und-begriffe\/","og_site_name":"Permakultur-Landwirtschaft","article_publisher":"https:\/\/www.facebook.com\/PermakulturLandwirtschaft","article_modified_time":"2026-03-16T17:46:12+00:00","og_image":[{"width":700,"height":525,"url":"https:\/\/permakultur-landwirtschaft.org\/wp-content\/uploads\/2024\/06\/Buchstaben_AdobeStock_482428649_small.jpg","type":"image\/jpeg"}],"twitter_card":"summary_large_image","twitter_misc":{"Dur\u00e9e de lecture estim\u00e9e":"3 minutes"},"schema":{"@context":"https:\/\/schema.org","@graph":[{"@type":"WebPage","@id":"https:\/\/permakultur-landwirtschaft.org\/abkuerzungen-und-begriffe\/","url":"https:\/\/permakultur-landwirtschaft.org\/abkuerzungen-und-begriffe\/","name":"Abk\u00fcrzungen und Begriffe - Permakultur-Landwirtschaft","isPartOf":{"@id":"https:\/\/permakultur-landwirtschaft.org\/#website"},"primaryImageOfPage":{"@id":"https:\/\/permakultur-landwirtschaft.org\/abkuerzungen-und-begriffe\/#primaryimage"},"image":{"@id":"https:\/\/permakultur-landwirtschaft.org\/abkuerzungen-und-begriffe\/#primaryimage"},"thumbnailUrl":"https:\/\/permakultur-landwirtschaft.org\/wp-content\/uploads\/2024\/06\/Buchstaben_AdobeStock_482428649_small.jpg","datePublished":"2023-12-14T11:23:23+00:00","dateModified":"2026-03-16T17:46:12+00:00","description":"Schweizer und internationale Abk\u00fcrzungen und Begriffe im Zusammenhang mit Permakultur-Landwirtschaft","breadcrumb":{"@id":"https:\/\/permakultur-landwirtschaft.org\/abkuerzungen-und-begriffe\/#breadcrumb"},"inLanguage":"fr-FR","potentialAction":[{"@type":"ReadAction","target":["https:\/\/permakultur-landwirtschaft.org\/abkuerzungen-und-begriffe\/"]}]},{"@type":"ImageObject","inLanguage":"fr-FR","@id":"https:\/\/permakultur-landwirtschaft.org\/abkuerzungen-und-begriffe\/#primaryimage","url":"https:\/\/permakultur-landwirtschaft.org\/wp-content\/uploads\/2024\/06\/Buchstaben_AdobeStock_482428649_small.jpg","contentUrl":"https:\/\/permakultur-landwirtschaft.org\/wp-content\/uploads\/2024\/06\/Buchstaben_AdobeStock_482428649_small.jpg","width":700,"height":525,"caption":"Bild: AdobeStock"},{"@type":"BreadcrumbList","@id":"https:\/\/permakultur-landwirtschaft.org\/abkuerzungen-und-begriffe\/#breadcrumb","itemListElement":[{"@type":"ListItem","position":1,"name":"Startseite","item":"https:\/\/permakultur-landwirtschaft.org\/"},{"@type":"ListItem","position":2,"name":"Abk\u00fcrzungen und Begriffe"}]},{"@type":"WebSite","@id":"https:\/\/permakultur-landwirtschaft.org\/#website","url":"https:\/\/permakultur-landwirtschaft.org\/","name":"Permakultur-Landwirtschaft","description":"F\u00f6rderung der Permakultur in der Landwirtschaft","publisher":{"@id":"https:\/\/permakultur-landwirtschaft.org\/#organization"},"potentialAction":[{"@type":"SearchAction","target":{"@type":"EntryPoint","urlTemplate":"https:\/\/permakultur-landwirtschaft.org\/?s={search_term_string}"},"query-input":{"@type":"PropertyValueSpecification","valueRequired":true,"valueName":"search_term_string"}}],"inLanguage":"fr-FR"},{"@type":"Organization","@id":"https:\/\/permakultur-landwirtschaft.org\/#organization","name":"Permakultur-Landwirtschaft","alternateName":"Verein Permakultur-Landwirtschaft","url":"https:\/\/permakultur-landwirtschaft.org\/","logo":{"@type":"ImageObject","inLanguage":"fr-FR","@id":"https:\/\/permakultur-landwirtschaft.org\/#\/schema\/logo\/image\/","url":"https:\/\/permakultur-landwirtschaft.org\/wp-content\/uploads\/2021\/11\/pela_1268x1269.png","contentUrl":"https:\/\/permakultur-landwirtschaft.org\/wp-content\/uploads\/2021\/11\/pela_1268x1269.png","width":1298,"height":1269,"caption":"Permakultur-Landwirtschaft"},"image":{"@id":"https:\/\/permakultur-landwirtschaft.org\/#\/schema\/logo\/image\/"},"sameAs":["https:\/\/www.facebook.com\/PermakulturLandwirtschaft","https:\/\/www.instagram.com\/permakultur_landwirtschaft\/","https:\/\/www.flickr.com\/photos\/permakultur-landwirtschaft","https:\/\/www.youtube.com\/@PermakulturLandwirtschaft"]}]}},"_links":{"self":[{"href":"https:\/\/permakultur-landwirtschaft.org\/fr\/wp-json\/wp\/v2\/pages\/33268","targetHints":{"allow":["GET"]}}],"collection":[{"href":"https:\/\/permakultur-landwirtschaft.org\/fr\/wp-json\/wp\/v2\/pages"}],"about":[{"href":"https:\/\/permakultur-landwirtschaft.org\/fr\/wp-json\/wp\/v2\/types\/page"}],"author":[{"embeddable":true,"href":"https:\/\/permakultur-landwirtschaft.org\/fr\/wp-json\/wp\/v2\/users\/2"}],"replies":[{"embeddable":true,"href":"https:\/\/permakultur-landwirtschaft.org\/fr\/wp-json\/wp\/v2\/comments?post=33268"}],"version-history":[{"count":81,"href":"https:\/\/permakultur-landwirtschaft.org\/fr\/wp-json\/wp\/v2\/pages\/33268\/revisions"}],"predecessor-version":[{"id":38435,"href":"https:\/\/permakultur-landwirtschaft.org\/fr\/wp-json\/wp\/v2\/pages\/33268\/revisions\/38435"}],"wp:featuredmedia":[{"embeddable":true,"href":"https:\/\/permakultur-landwirtschaft.org\/fr\/wp-json\/wp\/v2\/media\/34973"}],"wp:attachment":[{"href":"https:\/\/permakultur-landwirtschaft.org\/fr\/wp-json\/wp\/v2\/media?parent=33268"}],"curies":[{"name":"wp","href":"https:\/\/api.w.org\/{rel}","templated":true}]}}