{"id":32060,"date":"2023-10-05T10:08:37","date_gmt":"2023-10-05T08:08:37","guid":{"rendered":"https:\/\/permakultur-landwirtschaft.org\/?page_id=32060"},"modified":"2025-05-26T14:19:00","modified_gmt":"2025-05-26T12:19:00","slug":"saatgut-pflanzmaterial","status":"publish","type":"page","link":"https:\/\/permakultur-landwirtschaft.org\/fr\/saatgut-pflanzmaterial\/","title":{"rendered":"Semences et mat\u00e9riel de plantation"},"content":{"rendered":"<div data-elementor-type=\"wp-page\" data-elementor-id=\"32060\" class=\"elementor elementor-32060\" data-elementor-post-type=\"page\">\n\t\t\t\t<div class=\"elementor-element elementor-element-58dff218 e-flex e-con-boxed e-con e-parent\" data-id=\"58dff218\" data-element_type=\"container\" data-e-type=\"container\">\n\t\t\t\t\t<div class=\"e-con-inner\">\n\t\t\t\t<div class=\"elementor-element elementor-element-bb740ff elementor-widget elementor-widget-heading\" data-id=\"bb740ff\" data-element_type=\"widget\" data-e-type=\"widget\" data-widget_type=\"heading.default\">\n\t\t\t\t<div class=\"elementor-widget-container\">\n\t\t\t\t\t<h1 class=\"elementor-heading-title elementor-size-default\">Semences et mat\u00e9riel de plantation<\/h1>\t\t\t\t<\/div>\n\t\t\t\t<\/div>\n\t\t\t\t<div class=\"elementor-element elementor-element-0b50e50 elementor-align-left elementor-widget elementor-widget-global elementor-global-31837 elementor-widget-post-info\" data-id=\"0b50e50\" data-element_type=\"widget\" data-e-type=\"widget\" data-widget_type=\"post-info.default\">\n\t\t\t\t<div class=\"elementor-widget-container\">\n\t\t\t\t\t\t\t<ul class=\"elementor-inline-items elementor-icon-list-items elementor-post-info\">\n\t\t\t\t\t\t\t\t<li class=\"elementor-icon-list-item elementor-repeater-item-b86257f elementor-inline-item\">\n\t\t\t\t\t\t\t\t\t\t\t\t\t<span class=\"elementor-icon-list-text elementor-post-info__item elementor-post-info__item--type-custom\">\n\t\t\t\t\t\t\t\t\t\tDerni\u00e8re mise \u00e0 jour\t\t\t\t\t<\/span>\n\t\t\t\t\t\t\t\t<\/li>\n\t\t\t\t<li class=\"elementor-icon-list-item elementor-repeater-item-94e5de7 elementor-inline-item\">\n\t\t\t\t\t\t\t\t\t\t\t\t\t<span class=\"elementor-icon-list-text elementor-post-info__item elementor-post-info__item--type-custom\">\n\t\t\t\t\t\t\t\t\t\tle 26 mai 2025\t\t\t\t\t<\/span>\n\t\t\t\t\t\t\t\t<\/li>\n\t\t\t\t<\/ul>\n\t\t\t\t\t\t<\/div>\n\t\t\t\t<\/div>\n\t\t\t\t<div class=\"elementor-element elementor-element-5e10756d elementor-widget elementor-widget-text-editor\" data-id=\"5e10756d\" data-element_type=\"widget\" data-e-type=\"widget\" data-widget_type=\"text-editor.default\">\n\t\t\t\t<div class=\"elementor-widget-container\">\n\t\t\t\t\t\t\t\t\t\n<p>En achetant des semences et des plants r\u00e9sistants aux semences, il est possible de poser une premi\u00e8re pierre importante pour promouvoir une agriculture g\u00e9n\u00e9tiquement diversifi\u00e9e et r\u00e9siliente. Contrairement aux vari\u00e9t\u00e9s hybrides, les semences r\u00e9sistantes aux semences peuvent \u00eatre reproduites par l'utilisateur. Les vari\u00e9t\u00e9s peuvent ainsi s'adapter aux conditions locales et environnementales.<br \/>Dans la culture mara\u00eech\u00e8re, il est particuli\u00e8rement difficile de trouver des semences et des plants r\u00e9sistants aux semences, car l'uniformit\u00e9 que fournissent les vari\u00e9t\u00e9s hybrides (par exemple, les choux-fleurs qui se ressemblent toujours) est particuli\u00e8rement demand\u00e9e dans le commerce de gros.<\/p>\n\n<p>2\/3 des semences mondiales proviennent de BASF, BAYER, Syngenta et Corteva. Cette monopolisation entra\u00eene un appauvrissement g\u00e9n\u00e9tique. En outre, une d\u00e9pendance vis-\u00e0-vis des producteurs de semences peut se cr\u00e9er, car les vari\u00e9t\u00e9s hybrides ne peuvent pas \u00eatre reproduites. <br \/>(Source : <a href=\"https:\/\/www.ardmediathek.de\/video\/alles-wissen\/alles-wissen-vom-21-09-2023\/hr-fernsehen\/NTUzYTkyY2EtNTQyYi00MGIwLWI5ZDUtZTRkMjhiMGVhYmQy\" target=\"_blank\" rel=\"noopener\">hr Fernsehen, alles wissen vom 21.09.2023<\/a>; <a href=\"https:\/\/www.prospecierara.ch\/pflanzen\/wissen\/wissen-details\/news\/was-sind-hybriden-und-wo-liegen-die-probleme.html\" target=\"_blank\" rel=\"noopener\">ProSpecieRara, 2018 Was sind Hybriden und wo liegen die Probleme?<\/a>)<\/p>\n\n<p>Recommandation : soutenir les producteurs locaux de semences biologiques, demander des vari\u00e9t\u00e9s r\u00e9sistantes aux semences lors de l'achat de plants ou, si possible, miser sur des vari\u00e9t\u00e9s ProSpecieRara, car celles-ci sont r\u00e9sistantes aux semences.<\/p>\n\n<p>En Suisse et dans les pays voisins, il existe quelques producteurs de semences biologiques qui vendent des semences r\u00e9sistantes aux graines et parfois aussi des plants.<\/p>\n\n<ul><\/ul>\n<!-- \/wp:list -->\t\t\t\t\t\t\t\t<\/div>\n\t\t\t\t<\/div>\n\t\t\t\t<div class=\"elementor-element elementor-element-96df6b1 elementor-widget elementor-widget-heading\" data-id=\"96df6b1\" data-element_type=\"widget\" data-e-type=\"widget\" data-widget_type=\"heading.default\">\n\t\t\t\t<div class=\"elementor-widget-container\">\n\t\t\t\t\t<h2 class=\"elementor-heading-title elementor-size-default\">Semences<\/h2>\t\t\t\t<\/div>\n\t\t\t\t<\/div>\n\t\t\t\t<div class=\"elementor-element elementor-element-96a9666 elementor-widget elementor-widget-text-editor\" data-id=\"96a9666\" data-element_type=\"widget\" data-e-type=\"widget\" data-widget_type=\"text-editor.default\">\n\t\t\t\t<div class=\"elementor-widget-container\">\n\t\t\t\t\t\t\t\t\t<!-- wp:paragraph --><!-- \/wp:paragraph --><!-- wp:paragraph -->\n<p>Suisse :<\/p>\n<ul>\n<li><a href=\"https:\/\/www.arthasamen.ch\/\" target=\"_blank\" rel=\"noopener\">Artha-Samen &#8211; arthasamen.ch<\/a><\/li>\n<li><a href=\"https:\/\/echterweizen.ch\/\" target=\"_blank\" rel=\"noreferrer noopener\">Alte Weizensorten &#8211; echterweizen.ch<\/a><\/li>\n<li><a href=\"https:\/\/www.prospecierara.ch\/pflanzen\/sortenfinder.html\" target=\"_blank\" rel=\"noopener\">ProSpecieRara Sortenfinder &#8211; prospecierara.ch<\/a><\/li>\n<li><a href=\"https:\/\/www.sativa-rheinau.ch\/\" target=\"_blank\" rel=\"noopener\">Sativa Rheinau &#8211; sativa-rheinau.ch<\/a><\/li>\n<li><a href=\"https:\/\/www.zollinger.bio\" target=\"_blank\" rel=\"noopener\">Zollinger Bio S\u00e0rl &#8211; zollinger.bio<\/a><\/li>\n<\/ul>\n<p>Allemagne :<\/p>\n<ul>\n<li><a href=\"https:\/\/www.bingenheimersaatgut.de\" target=\"_blank\" rel=\"noopener\">Bingenheimer Saatgut<\/a><\/li>\n<\/ul>\n<p>France :<\/p>\n<ul>\n<li><a href=\"https:\/\/kokopelli-semences.fr\/\" target=\"_blank\" rel=\"noopener\">Kokopelli &#8211; kokopelli-semences.fr<\/a><\/li>\n<\/ul>\n<ul><!-- \/wp:list-item --><!-- wp:list-item --><!-- \/wp:list-item --><\/ul>\n<!-- \/wp:list -->\t\t\t\t\t\t\t\t<\/div>\n\t\t\t\t<\/div>\n\t\t\t\t<div class=\"elementor-element elementor-element-a2b7660 elementor-widget elementor-widget-heading\" data-id=\"a2b7660\" data-element_type=\"widget\" data-e-type=\"widget\" data-widget_type=\"heading.default\">\n\t\t\t\t<div class=\"elementor-widget-container\">\n\t\t\t\t\t<h2 class=\"elementor-heading-title elementor-size-default\">Plants<\/h2>\t\t\t\t<\/div>\n\t\t\t\t<\/div>\n\t\t\t\t<div class=\"elementor-element elementor-element-0b5c763 elementor-widget elementor-widget-text-editor\" data-id=\"0b5c763\" data-element_type=\"widget\" data-e-type=\"widget\" data-widget_type=\"text-editor.default\">\n\t\t\t\t<div class=\"elementor-widget-container\">\n\t\t\t\t\t\t\t\t\t<ul>\n<li><a href=\"https:\/\/www.biosetzlinge.ch\/\" target=\"_blank\" rel=\"noopener\">Biosetzlinge<\/a><\/li>\n<li><a href=\"https:\/\/www.setzling.ch\/\" target=\"_blank\" rel=\"noopener\">Hof Siegrist Setzling<\/a><\/li>\n<li><a href=\"https:\/\/seedlings.zollinger.bio\/\" target=\"_blank\" rel=\"noopener\">Zollinger Bio<\/a><\/li>\n<\/ul>\t\t\t\t\t\t\t\t<\/div>\n\t\t\t\t<\/div>\n\t\t\t\t<div class=\"elementor-element elementor-element-64a62fd elementor-widget elementor-widget-heading\" data-id=\"64a62fd\" data-element_type=\"widget\" data-e-type=\"widget\" data-widget_type=\"heading.default\">\n\t\t\t\t<div class=\"elementor-widget-container\">\n\t\t\t\t\t<h2 class=\"elementor-heading-title elementor-size-default\">P\u00e9pini\u00e8res<\/h2>\t\t\t\t<\/div>\n\t\t\t\t<\/div>\n\t\t\t\t<div class=\"elementor-element elementor-element-beab1aa elementor-widget elementor-widget-text-editor\" data-id=\"beab1aa\" data-element_type=\"widget\" data-e-type=\"widget\" data-widget_type=\"text-editor.default\">\n\t\t\t\t<div class=\"elementor-widget-container\">\n\t\t\t\t\t\t\t\t\t<ul>\n<li><a href=\"https:\/\/www.biobaumschule.ch\/\" target=\"_blank\" rel=\"noopener\">Glausers Bio Baumschule in Noflen BE <\/a><\/li>\n<li><a href=\"https:\/\/www.bantiger-biobaeume.ch\/\" target=\"_blank\" rel=\"noopener\">Bio Obstbaumschule Bantigen in Bolligen BE <\/a><\/li>\n<li><a href=\"https:\/\/weidli.ch\/bio-baumschule-obstjungbaeume-ostschweiz\/\" target=\"_blank\" rel=\"noopener\">Bio Baumschule Weidli in L\u00fctisburg SG <\/a><\/li>\n<li><a href=\"https:\/\/www.baumschule-neckertal.ch\" target=\"_blank\" rel=\"noopener\">Bio Baumschule Neckertal in Dicken SG<\/a><\/li>\n<li><a href=\"https:\/\/www.arbothevoz.ch\/\" target=\"_blank\" rel=\"noopener\">ArboTh\u00e9voz Arboriculture et p\u00e9pini\u00e8re in Russy FR<\/a><\/li>\n<li><a href=\"https:\/\/www.fructus.ch\/baeume\/baumschulen\/\" target=\"_blank\" rel=\"noopener\">Liste von Baumschulen bei Fructus\u00a0 &#8211; www.fructus.ch\/baeume\/baumschulen<\/a><\/li>\n<\/ul>\t\t\t\t\t\t\t\t<\/div>\n\t\t\t\t<\/div>\n\t\t\t\t<div class=\"elementor-element elementor-element-5c9ea28 elementor-widget elementor-widget-heading\" data-id=\"5c9ea28\" data-element_type=\"widget\" data-e-type=\"widget\" data-widget_type=\"heading.default\">\n\t\t\t\t<div class=\"elementor-widget-container\">\n\t\t\t\t\t<h2 class=\"elementor-heading-title elementor-size-default\">Champignons<\/h2>\t\t\t\t<\/div>\n\t\t\t\t<\/div>\n\t\t\t\t<div class=\"elementor-element elementor-element-a3f8f82 elementor-widget elementor-widget-text-editor\" data-id=\"a3f8f82\" data-element_type=\"widget\" data-e-type=\"widget\" data-widget_type=\"text-editor.default\">\n\t\t\t\t<div class=\"elementor-widget-container\">\n\t\t\t\t\t\t\t\t\t<!-- wp:paragraph --><!-- \/wp:paragraph --><!-- wp:paragraph -->\n<ul>\n<li><a href=\"https:\/\/pilzgarten.info\/\" target=\"_blank\" rel=\"noopener\">Pilzgarten &#8211; pilzgarten.info<\/a><\/li>\n<li><a href=\"https:\/\/www.balmeggberg.ch\/\" target=\"_blank\" rel=\"noopener\">Pilzrugel vom Balmeggberg<\/a><\/li>\n<\/ul>\n<ul><!-- \/wp:list-item --><!-- wp:list-item --><!-- \/wp:list-item --><\/ul>\n<!-- \/wp:list -->\t\t\t\t\t\t\t\t<\/div>\n\t\t\t\t<\/div>\n\t\t\t\t<div class=\"elementor-element elementor-element-c89aefc elementor-widget elementor-widget-text-editor\" data-id=\"c89aefc\" data-element_type=\"widget\" data-e-type=\"widget\" data-widget_type=\"text-editor.default\">\n\t\t\t\t<div class=\"elementor-widget-container\">\n\t\t\t\t\t\t\t\t\t<p>Nous acceptons volontiers d'autres sources d'approvisionnement. Il suffit de nous contacter \u00e0 l'adresse suivante <a href=\"https:\/\/permakultur-landwirtschaft.org\/fr\/kontakt\/\">Contacts<\/a>.<\/p>\t\t\t\t\t\t\t\t<\/div>\n\t\t\t\t<\/div>\n\t\t\t\t\t<\/div>\n\t\t\t\t<\/div>\n\t\t\t\t<\/div>","protected":false},"excerpt":{"rendered":"<p>Saatgut und Pflanzmaterial Mit dem Bezug von samenfestem Saatgut\/Setzlingen kann ein wichtiger Grundstein gelegt werden, um eine genetisch vielf\u00e4ltige und resiliente Landwirtschaft zu f\u00f6rdern. Im Gegensatz zu Hybridsorten kann samenfestes Saatgut selbst nachgezogen werden. Dadurch k\u00f6nnen sich Sorten an lokale Verh\u00e4ltnisse und Umweltbedingungen anpassen.Im Gem\u00fcsebau ist es besonders schwierig, samenfestes Saatgut und Setzlinge zu finden, [&hellip;]<\/p>\n","protected":false},"author":2,"featured_media":36591,"parent":0,"menu_order":0,"comment_status":"closed","ping_status":"closed","template":"","meta":{"_acf_changed":false,"site-sidebar-layout":"default","site-content-layout":"","ast-site-content-layout":"default","site-content-style":"default","site-sidebar-style":"default","ast-global-header-display":"","ast-banner-title-visibility":"","ast-main-header-display":"","ast-hfb-above-header-display":"","ast-hfb-below-header-display":"","ast-hfb-mobile-header-display":"","site-post-title":"","ast-breadcrumbs-content":"","ast-featured-img":"","footer-sml-layout":"","ast-disable-related-posts":"","theme-transparent-header-meta":"","adv-header-id-meta":"","stick-header-meta":"","header-above-stick-meta":"","header-main-stick-meta":"","header-below-stick-meta":"","astra-migrate-meta-layouts":"set","ast-page-background-enabled":"default","ast-page-background-meta":{"desktop":{"background-color":"var(--ast-global-color-4)","background-image":"","background-repeat":"repeat","background-position":"center center","background-size":"auto","background-attachment":"scroll","background-type":"","background-media":"","overlay-type":"","overlay-color":"","overlay-opacity":"","overlay-gradient":""},"tablet":{"background-color":"","background-image":"","background-repeat":"repeat","background-position":"center center","background-size":"auto","background-attachment":"scroll","background-type":"","background-media":"","overlay-type":"","overlay-color":"","overlay-opacity":"","overlay-gradient":""},"mobile":{"background-color":"","background-image":"","background-repeat":"repeat","background-position":"center center","background-size":"auto","background-attachment":"scroll","background-type":"","background-media":"","overlay-type":"","overlay-color":"","overlay-opacity":"","overlay-gradient":""}},"ast-content-background-meta":{"desktop":{"background-color":"var(--ast-global-color-5)","background-image":"","background-repeat":"repeat","background-position":"center center","background-size":"auto","background-attachment":"scroll","background-type":"","background-media":"","overlay-type":"","overlay-color":"","overlay-opacity":"","overlay-gradient":""},"tablet":{"background-color":"var(--ast-global-color-5)","background-image":"","background-repeat":"repeat","background-position":"center center","background-size":"auto","background-attachment":"scroll","background-type":"","background-media":"","overlay-type":"","overlay-color":"","overlay-opacity":"","overlay-gradient":""},"mobile":{"background-color":"var(--ast-global-color-5)","background-image":"","background-repeat":"repeat","background-position":"center center","background-size":"auto","background-attachment":"scroll","background-type":"","background-media":"","overlay-type":"","overlay-color":"","overlay-opacity":"","overlay-gradient":""}},"footnotes":""},"class_list":["post-32060","page","type-page","status-publish","has-post-thumbnail","hentry"],"acf":[],"yoast_head":"<!-- This site is optimized with the Yoast SEO plugin v27.5 - https:\/\/yoast.com\/product\/yoast-seo-wordpress\/ -->\n<title>Saatgut und Pflanzmaterial - Permakultur-Landwirtschaft<\/title>\n<meta name=\"description\" content=\"Informationen zu samenfestem Saatgut \/ Setzlingen \/ Pflanzmaterial \/ Pilzen f\u00fcr eine genetisch vielf\u00e4ltige und resiliente Landwirtschaft\" \/>\n<meta name=\"robots\" content=\"index, follow, max-snippet:-1, max-image-preview:large, max-video-preview:-1\" \/>\n<link rel=\"canonical\" href=\"https:\/\/permakultur-landwirtschaft.org\/fr\/saatgut-pflanzmaterial\/\" \/>\n<meta property=\"og:locale\" content=\"fr_FR\" \/>\n<meta property=\"og:type\" content=\"article\" \/>\n<meta property=\"og:title\" content=\"Saatgut und Pflanzmaterial - Permakultur-Landwirtschaft\" \/>\n<meta property=\"og:description\" content=\"Informationen zu samenfestem Saatgut \/ Setzlingen \/ Pflanzmaterial \/ Pilzen f\u00fcr eine genetisch vielf\u00e4ltige und resiliente Landwirtschaft\" \/>\n<meta property=\"og:url\" content=\"https:\/\/permakultur-landwirtschaft.org\/fr\/saatgut-pflanzmaterial\/\" \/>\n<meta property=\"og:site_name\" content=\"Permakultur-Landwirtschaft\" \/>\n<meta property=\"article:publisher\" content=\"https:\/\/www.facebook.com\/PermakulturLandwirtschaft\" \/>\n<meta property=\"article:modified_time\" content=\"2025-05-26T12:19:00+00:00\" \/>\n<meta property=\"og:image\" content=\"https:\/\/permakultur-landwirtschaft.org\/wp-content\/uploads\/2025\/05\/Baumschule_young_trees_in_a_nursery_AdobeStock_600969825-700.jpeg\" \/>\n\t<meta property=\"og:image:width\" content=\"700\" \/>\n\t<meta property=\"og:image:height\" content=\"386\" \/>\n\t<meta property=\"og:image:type\" content=\"image\/jpeg\" \/>\n<meta name=\"twitter:card\" content=\"summary_large_image\" \/>\n<meta name=\"twitter:label1\" content=\"Dur\u00e9e de lecture estim\u00e9e\" \/>\n\t<meta name=\"twitter:data1\" content=\"2 minutes\" \/>\n<script type=\"application\/ld+json\" class=\"yoast-schema-graph\">{\"@context\":\"https:\\\/\\\/schema.org\",\"@graph\":[{\"@type\":\"WebPage\",\"@id\":\"https:\\\/\\\/permakultur-landwirtschaft.org\\\/saatgut-pflanzmaterial\\\/\",\"url\":\"https:\\\/\\\/permakultur-landwirtschaft.org\\\/saatgut-pflanzmaterial\\\/\",\"name\":\"Saatgut und Pflanzmaterial - Permakultur-Landwirtschaft\",\"isPartOf\":{\"@id\":\"https:\\\/\\\/permakultur-landwirtschaft.org\\\/#website\"},\"primaryImageOfPage\":{\"@id\":\"https:\\\/\\\/permakultur-landwirtschaft.org\\\/saatgut-pflanzmaterial\\\/#primaryimage\"},\"image\":{\"@id\":\"https:\\\/\\\/permakultur-landwirtschaft.org\\\/saatgut-pflanzmaterial\\\/#primaryimage\"},\"thumbnailUrl\":\"https:\\\/\\\/permakultur-landwirtschaft.org\\\/wp-content\\\/uploads\\\/2025\\\/05\\\/Baumschule_young_trees_in_a_nursery_AdobeStock_600969825-700.jpeg\",\"datePublished\":\"2023-10-05T08:08:37+00:00\",\"dateModified\":\"2025-05-26T12:19:00+00:00\",\"description\":\"Informationen zu samenfestem Saatgut \\\/ Setzlingen \\\/ Pflanzmaterial \\\/ Pilzen f\u00fcr eine genetisch vielf\u00e4ltige und resiliente Landwirtschaft\",\"breadcrumb\":{\"@id\":\"https:\\\/\\\/permakultur-landwirtschaft.org\\\/saatgut-pflanzmaterial\\\/#breadcrumb\"},\"inLanguage\":\"fr-FR\",\"potentialAction\":[{\"@type\":\"ReadAction\",\"target\":[\"https:\\\/\\\/permakultur-landwirtschaft.org\\\/saatgut-pflanzmaterial\\\/\"]}]},{\"@type\":\"ImageObject\",\"inLanguage\":\"fr-FR\",\"@id\":\"https:\\\/\\\/permakultur-landwirtschaft.org\\\/saatgut-pflanzmaterial\\\/#primaryimage\",\"url\":\"https:\\\/\\\/permakultur-landwirtschaft.org\\\/wp-content\\\/uploads\\\/2025\\\/05\\\/Baumschule_young_trees_in_a_nursery_AdobeStock_600969825-700.jpeg\",\"contentUrl\":\"https:\\\/\\\/permakultur-landwirtschaft.org\\\/wp-content\\\/uploads\\\/2025\\\/05\\\/Baumschule_young_trees_in_a_nursery_AdobeStock_600969825-700.jpeg\",\"width\":700,\"height\":386,\"caption\":\"Bild: Adobe Stock\"},{\"@type\":\"BreadcrumbList\",\"@id\":\"https:\\\/\\\/permakultur-landwirtschaft.org\\\/saatgut-pflanzmaterial\\\/#breadcrumb\",\"itemListElement\":[{\"@type\":\"ListItem\",\"position\":1,\"name\":\"Startseite\",\"item\":\"https:\\\/\\\/permakultur-landwirtschaft.org\\\/\"},{\"@type\":\"ListItem\",\"position\":2,\"name\":\"Saatgut und Pflanzmaterial\"}]},{\"@type\":\"WebSite\",\"@id\":\"https:\\\/\\\/permakultur-landwirtschaft.org\\\/#website\",\"url\":\"https:\\\/\\\/permakultur-landwirtschaft.org\\\/\",\"name\":\"Permakultur-Landwirtschaft\",\"description\":\"F\u00f6rderung der Permakultur in der Landwirtschaft\",\"publisher\":{\"@id\":\"https:\\\/\\\/permakultur-landwirtschaft.org\\\/#organization\"},\"potentialAction\":[{\"@type\":\"SearchAction\",\"target\":{\"@type\":\"EntryPoint\",\"urlTemplate\":\"https:\\\/\\\/permakultur-landwirtschaft.org\\\/?s={search_term_string}\"},\"query-input\":{\"@type\":\"PropertyValueSpecification\",\"valueRequired\":true,\"valueName\":\"search_term_string\"}}],\"inLanguage\":\"fr-FR\"},{\"@type\":\"Organization\",\"@id\":\"https:\\\/\\\/permakultur-landwirtschaft.org\\\/#organization\",\"name\":\"Permakultur-Landwirtschaft\",\"alternateName\":\"Verein Permakultur-Landwirtschaft\",\"url\":\"https:\\\/\\\/permakultur-landwirtschaft.org\\\/\",\"logo\":{\"@type\":\"ImageObject\",\"inLanguage\":\"fr-FR\",\"@id\":\"https:\\\/\\\/permakultur-landwirtschaft.org\\\/#\\\/schema\\\/logo\\\/image\\\/\",\"url\":\"https:\\\/\\\/permakultur-landwirtschaft.org\\\/wp-content\\\/uploads\\\/2021\\\/11\\\/pela_1268x1269.png\",\"contentUrl\":\"https:\\\/\\\/permakultur-landwirtschaft.org\\\/wp-content\\\/uploads\\\/2021\\\/11\\\/pela_1268x1269.png\",\"width\":1298,\"height\":1269,\"caption\":\"Permakultur-Landwirtschaft\"},\"image\":{\"@id\":\"https:\\\/\\\/permakultur-landwirtschaft.org\\\/#\\\/schema\\\/logo\\\/image\\\/\"},\"sameAs\":[\"https:\\\/\\\/www.facebook.com\\\/PermakulturLandwirtschaft\",\"https:\\\/\\\/www.instagram.com\\\/permakultur_landwirtschaft\\\/\",\"https:\\\/\\\/www.flickr.com\\\/photos\\\/permakultur-landwirtschaft\",\"https:\\\/\\\/www.youtube.com\\\/@PermakulturLandwirtschaft\"]}]}<\/script>\n<!-- \/ Yoast SEO plugin. -->","yoast_head_json":{"title":"Saatgut und Pflanzmaterial - Permakultur-Landwirtschaft","description":"Informationen zu samenfestem Saatgut \/ Setzlingen \/ Pflanzmaterial \/ Pilzen f\u00fcr eine genetisch vielf\u00e4ltige und resiliente Landwirtschaft","robots":{"index":"index","follow":"follow","max-snippet":"max-snippet:-1","max-image-preview":"max-image-preview:large","max-video-preview":"max-video-preview:-1"},"canonical":"https:\/\/permakultur-landwirtschaft.org\/fr\/saatgut-pflanzmaterial\/","og_locale":"fr_FR","og_type":"article","og_title":"Saatgut und Pflanzmaterial - Permakultur-Landwirtschaft","og_description":"Informationen zu samenfestem Saatgut \/ Setzlingen \/ Pflanzmaterial \/ Pilzen f\u00fcr eine genetisch vielf\u00e4ltige und resiliente Landwirtschaft","og_url":"https:\/\/permakultur-landwirtschaft.org\/fr\/saatgut-pflanzmaterial\/","og_site_name":"Permakultur-Landwirtschaft","article_publisher":"https:\/\/www.facebook.com\/PermakulturLandwirtschaft","article_modified_time":"2025-05-26T12:19:00+00:00","og_image":[{"width":700,"height":386,"url":"https:\/\/permakultur-landwirtschaft.org\/wp-content\/uploads\/2025\/05\/Baumschule_young_trees_in_a_nursery_AdobeStock_600969825-700.jpeg","type":"image\/jpeg"}],"twitter_card":"summary_large_image","twitter_misc":{"Dur\u00e9e de lecture estim\u00e9e":"2 minutes"},"schema":{"@context":"https:\/\/schema.org","@graph":[{"@type":"WebPage","@id":"https:\/\/permakultur-landwirtschaft.org\/saatgut-pflanzmaterial\/","url":"https:\/\/permakultur-landwirtschaft.org\/saatgut-pflanzmaterial\/","name":"Saatgut und Pflanzmaterial - Permakultur-Landwirtschaft","isPartOf":{"@id":"https:\/\/permakultur-landwirtschaft.org\/#website"},"primaryImageOfPage":{"@id":"https:\/\/permakultur-landwirtschaft.org\/saatgut-pflanzmaterial\/#primaryimage"},"image":{"@id":"https:\/\/permakultur-landwirtschaft.org\/saatgut-pflanzmaterial\/#primaryimage"},"thumbnailUrl":"https:\/\/permakultur-landwirtschaft.org\/wp-content\/uploads\/2025\/05\/Baumschule_young_trees_in_a_nursery_AdobeStock_600969825-700.jpeg","datePublished":"2023-10-05T08:08:37+00:00","dateModified":"2025-05-26T12:19:00+00:00","description":"Informationen zu samenfestem Saatgut \/ Setzlingen \/ Pflanzmaterial \/ Pilzen f\u00fcr eine genetisch vielf\u00e4ltige und resiliente Landwirtschaft","breadcrumb":{"@id":"https:\/\/permakultur-landwirtschaft.org\/saatgut-pflanzmaterial\/#breadcrumb"},"inLanguage":"fr-FR","potentialAction":[{"@type":"ReadAction","target":["https:\/\/permakultur-landwirtschaft.org\/saatgut-pflanzmaterial\/"]}]},{"@type":"ImageObject","inLanguage":"fr-FR","@id":"https:\/\/permakultur-landwirtschaft.org\/saatgut-pflanzmaterial\/#primaryimage","url":"https:\/\/permakultur-landwirtschaft.org\/wp-content\/uploads\/2025\/05\/Baumschule_young_trees_in_a_nursery_AdobeStock_600969825-700.jpeg","contentUrl":"https:\/\/permakultur-landwirtschaft.org\/wp-content\/uploads\/2025\/05\/Baumschule_young_trees_in_a_nursery_AdobeStock_600969825-700.jpeg","width":700,"height":386,"caption":"Bild: Adobe Stock"},{"@type":"BreadcrumbList","@id":"https:\/\/permakultur-landwirtschaft.org\/saatgut-pflanzmaterial\/#breadcrumb","itemListElement":[{"@type":"ListItem","position":1,"name":"Startseite","item":"https:\/\/permakultur-landwirtschaft.org\/"},{"@type":"ListItem","position":2,"name":"Saatgut und Pflanzmaterial"}]},{"@type":"WebSite","@id":"https:\/\/permakultur-landwirtschaft.org\/#website","url":"https:\/\/permakultur-landwirtschaft.org\/","name":"Permakultur-Landwirtschaft","description":"F\u00f6rderung der Permakultur in der Landwirtschaft","publisher":{"@id":"https:\/\/permakultur-landwirtschaft.org\/#organization"},"potentialAction":[{"@type":"SearchAction","target":{"@type":"EntryPoint","urlTemplate":"https:\/\/permakultur-landwirtschaft.org\/?s={search_term_string}"},"query-input":{"@type":"PropertyValueSpecification","valueRequired":true,"valueName":"search_term_string"}}],"inLanguage":"fr-FR"},{"@type":"Organization","@id":"https:\/\/permakultur-landwirtschaft.org\/#organization","name":"Permakultur-Landwirtschaft","alternateName":"Verein Permakultur-Landwirtschaft","url":"https:\/\/permakultur-landwirtschaft.org\/","logo":{"@type":"ImageObject","inLanguage":"fr-FR","@id":"https:\/\/permakultur-landwirtschaft.org\/#\/schema\/logo\/image\/","url":"https:\/\/permakultur-landwirtschaft.org\/wp-content\/uploads\/2021\/11\/pela_1268x1269.png","contentUrl":"https:\/\/permakultur-landwirtschaft.org\/wp-content\/uploads\/2021\/11\/pela_1268x1269.png","width":1298,"height":1269,"caption":"Permakultur-Landwirtschaft"},"image":{"@id":"https:\/\/permakultur-landwirtschaft.org\/#\/schema\/logo\/image\/"},"sameAs":["https:\/\/www.facebook.com\/PermakulturLandwirtschaft","https:\/\/www.instagram.com\/permakultur_landwirtschaft\/","https:\/\/www.flickr.com\/photos\/permakultur-landwirtschaft","https:\/\/www.youtube.com\/@PermakulturLandwirtschaft"]}]}},"_links":{"self":[{"href":"https:\/\/permakultur-landwirtschaft.org\/fr\/wp-json\/wp\/v2\/pages\/32060","targetHints":{"allow":["GET"]}}],"collection":[{"href":"https:\/\/permakultur-landwirtschaft.org\/fr\/wp-json\/wp\/v2\/pages"}],"about":[{"href":"https:\/\/permakultur-landwirtschaft.org\/fr\/wp-json\/wp\/v2\/types\/page"}],"author":[{"embeddable":true,"href":"https:\/\/permakultur-landwirtschaft.org\/fr\/wp-json\/wp\/v2\/users\/2"}],"replies":[{"embeddable":true,"href":"https:\/\/permakultur-landwirtschaft.org\/fr\/wp-json\/wp\/v2\/comments?post=32060"}],"version-history":[{"count":37,"href":"https:\/\/permakultur-landwirtschaft.org\/fr\/wp-json\/wp\/v2\/pages\/32060\/revisions"}],"predecessor-version":[{"id":36592,"href":"https:\/\/permakultur-landwirtschaft.org\/fr\/wp-json\/wp\/v2\/pages\/32060\/revisions\/36592"}],"wp:featuredmedia":[{"embeddable":true,"href":"https:\/\/permakultur-landwirtschaft.org\/fr\/wp-json\/wp\/v2\/media\/36591"}],"wp:attachment":[{"href":"https:\/\/permakultur-landwirtschaft.org\/fr\/wp-json\/wp\/v2\/media?parent=32060"}],"curies":[{"name":"wp","href":"https:\/\/api.w.org\/{rel}","templated":true}]}}