{"id":19878,"date":"2022-05-28T13:38:39","date_gmt":"2022-05-28T11:38:39","guid":{"rendered":"https:\/\/permakultur-landwirtschaft.org\/?page_id=19878"},"modified":"2026-04-09T15:33:31","modified_gmt":"2026-04-09T13:33:31","slug":"interessante-betriebe-international","status":"publish","type":"page","link":"https:\/\/permakultur-landwirtschaft.org\/fr\/interessante-betriebe-international\/","title":{"rendered":"Entreprises int\u00e9ressantes International"},"content":{"rendered":"<div data-elementor-type=\"wp-page\" data-elementor-id=\"19878\" class=\"elementor elementor-19878\" data-elementor-post-type=\"page\">\n\t\t\t\t<div class=\"elementor-element elementor-element-4ead2c3 e-flex e-con-boxed e-con e-parent\" data-id=\"4ead2c3\" data-element_type=\"container\" data-e-type=\"container\">\n\t\t\t\t\t<div class=\"e-con-inner\">\n\t\t<div class=\"elementor-element elementor-element-ea25503 e-con-full e-flex e-con e-child\" data-id=\"ea25503\" data-element_type=\"container\" data-e-type=\"container\">\n\t\t\t\t<div class=\"elementor-element elementor-element-6f8baa2 elementor-widget elementor-widget-heading\" data-id=\"6f8baa2\" data-element_type=\"widget\" data-e-type=\"widget\" data-widget_type=\"heading.default\">\n\t\t\t\t<div class=\"elementor-widget-container\">\n\t\t\t\t\t<h1 class=\"elementor-heading-title elementor-size-default\">Agriculture Permaculturelle internationale<\/h1>\t\t\t\t<\/div>\n\t\t\t\t<\/div>\n\t\t\t\t<div class=\"elementor-element elementor-element-9f40f5e elementor-align-left elementor-widget elementor-widget-global elementor-global-31837 elementor-widget-post-info\" data-id=\"9f40f5e\" data-element_type=\"widget\" data-e-type=\"widget\" data-widget_type=\"post-info.default\">\n\t\t\t\t<div class=\"elementor-widget-container\">\n\t\t\t\t\t\t\t<ul class=\"elementor-inline-items elementor-icon-list-items elementor-post-info\">\n\t\t\t\t\t\t\t\t<li class=\"elementor-icon-list-item elementor-repeater-item-b86257f elementor-inline-item\">\n\t\t\t\t\t\t\t\t\t\t\t\t\t<span class=\"elementor-icon-list-text elementor-post-info__item elementor-post-info__item--type-custom\">\n\t\t\t\t\t\t\t\t\t\tDerni\u00e8re mise \u00e0 jour\t\t\t\t\t<\/span>\n\t\t\t\t\t\t\t\t<\/li>\n\t\t\t\t<li class=\"elementor-icon-list-item elementor-repeater-item-94e5de7 elementor-inline-item\">\n\t\t\t\t\t\t\t\t\t\t\t\t\t<span class=\"elementor-icon-list-text elementor-post-info__item elementor-post-info__item--type-custom\">\n\t\t\t\t\t\t\t\t\t\t9. avril 2026\t\t\t\t\t<\/span>\n\t\t\t\t\t\t\t\t<\/li>\n\t\t\t\t<\/ul>\n\t\t\t\t\t\t<\/div>\n\t\t\t\t<\/div>\n\t\t\t\t<div class=\"elementor-element elementor-element-4d4822c elementor-widget elementor-widget-text-editor\" data-id=\"4d4822c\" data-element_type=\"widget\" data-e-type=\"widget\" data-widget_type=\"text-editor.default\">\n\t\t\t\t<div class=\"elementor-widget-container\">\n\t\t\t\t\t\t\t\t\t<p>Exploitations int\u00e9ressantes au niveau international par continent.<\/p>\t\t\t\t\t\t\t\t<\/div>\n\t\t\t\t<\/div>\n\t\t\t\t<div class=\"elementor-element elementor-element-ee68840 elementor-widget elementor-widget-heading\" data-id=\"ee68840\" data-element_type=\"widget\" data-e-type=\"widget\" data-widget_type=\"heading.default\">\n\t\t\t\t<div class=\"elementor-widget-container\">\n\t\t\t\t\t<h2 class=\"elementor-heading-title elementor-size-default\">Europe<\/h2>\t\t\t\t<\/div>\n\t\t\t\t<\/div>\n\t\t\t\t<div class=\"elementor-element elementor-element-3b48dde elementor-widget elementor-widget-text-editor\" data-id=\"3b48dde\" data-element_type=\"widget\" data-e-type=\"widget\" data-widget_type=\"text-editor.default\">\n\t\t\t\t<div class=\"elementor-widget-container\">\n\t\t\t\t\t\t\t\t\t<ul><li><a href=\"https:\/\/www.fermedubec.com\/\" target=\"_blank\" rel=\"noreferrer noopener\">Ferme du Bec Hellouin &#8211; Frankreich<\/a><\/li><li><a href=\"https:\/\/www.gutundboesel.org\/\" target=\"_blank\" rel=\"noreferrer noopener\">Gut&amp;B\u00f6sel &#8211; Benedikt B\u00f6sel &#8211; Briesen Deutschland<\/a><\/li><li><a href=\"https:\/\/www.permakulturhof-eselgarten.de\" target=\"_blank\" rel=\"noopener\">Permakulturhof Eselfarm &#8211; Reichertshofen Deutschland<\/a><\/li><li><a href=\"https:\/\/krameterhof.at\/\" target=\"_blank\" rel=\"noreferrer noopener\">Krameterhof &#8211; Familie Holzer &#8211; Lungau \u00d6sterreich<\/a><\/li><li><a href=\"https:\/\/www.permakulturhaven.dk\/\" target=\"_blank\" rel=\"noopener\">Myrrhis Permakulturhaven &#8211; D\u00e4nemark<\/a><\/li><li><a href=\"https:\/\/www.ridgedalepermaculture.com\/\" target=\"_blank\" rel=\"noreferrer noopener\">Ridgedale permaculture &#8211; Richard Perkins &#8211; V\u00e4rmland Schweden<\/a><ul><li><a href=\"https:\/\/www.youtube.com\/watch?v=J_htLIUKX1Y\" target=\"_blank\" rel=\"noreferrer noopener\">Film \u00fcber Ridgedale Permaculture<\/a><\/li><\/ul><\/li><li><a href=\"https:\/\/incrediblefarm.co.uk\" target=\"_blank\" rel=\"noreferrer noopener\">Incredible Farm &#8211; Todmorden England<\/a><\/li><li><a href=\"https:\/\/www.lehmann-natur.com\/\" target=\"_blank\" rel=\"noreferrer noopener\">Lehmann Natur &#8211; Spanien<\/a><\/li><\/ul>\t\t\t\t\t\t\t\t<\/div>\n\t\t\t\t<\/div>\n\t\t\t\t<div class=\"elementor-element elementor-element-4c49809 elementor-widget elementor-widget-heading\" data-id=\"4c49809\" data-element_type=\"widget\" data-e-type=\"widget\" data-widget_type=\"heading.default\">\n\t\t\t\t<div class=\"elementor-widget-container\">\n\t\t\t\t\t<h2 class=\"elementor-heading-title elementor-size-default\">Am\u00e9rique<\/h2>\t\t\t\t<\/div>\n\t\t\t\t<\/div>\n\t\t\t\t<div class=\"elementor-element elementor-element-1525b01 elementor-widget elementor-widget-text-editor\" data-id=\"1525b01\" data-element_type=\"widget\" data-e-type=\"widget\" data-widget_type=\"text-editor.default\">\n\t\t\t\t<div class=\"elementor-widget-container\">\n\t\t\t\t\t\t\t\t\t<ul><li><a href=\"https:\/\/www.fourseasonfarm.com\/\" target=\"_blank\" rel=\"noopener\">Four Season Farm &#8211; Eliot Coleman<\/a><\/li><li><a href=\"https:\/\/www.hochorchard.com\/\" target=\"_blank\" rel=\"noopener\">Hoch Orchard<\/a><ul><li><a href=\"https:\/\/youtu.be\/J3G6neCBmkw\" target=\"_blank\" rel=\"noopener\">Hoch Orchard &#8211; Agroforestry Farm Tour Video Series<\/a><\/li><\/ul><\/li><li><a href=\"https:\/\/miracle.farm\/\" target=\"_blank\" rel=\"noreferrer noopener\">Miracle Farms \u2013 Stefan Sobkowiak, Kanada<\/a><ul><li><a href=\"https:\/\/www.possiblemedia.org\/product\/the-permaculture-orchard-beyond-organic\/\" target=\"_blank\" rel=\"noreferrer noopener\">The Permaculture Orchard: Beyond Organic &#8211; Ein Film von Stefan Sobkowiak<\/a><\/li><li><a href=\"https:\/\/permacultureapprentice.com\/miracle-farms-stefan-sobkowiak-5-acre-commercial-permaculture-orchard-22-years-of-establishment\/\" target=\"_blank\" rel=\"noreferrer noopener\">Infos zur Farm von Permacultur Apprentice<\/a><\/li><\/ul><\/li><li><a href=\"https:\/\/newforestfarm.us\/\" target=\"_blank\" rel=\"noreferrer noopener\">New Forest Farm &#8211; Mark Shepard<\/a><ul><li><a href=\"http:\/\/www.restorationag.com\" target=\"_blank\" rel=\"noreferrer noopener\">Workshops mit Mark Shepard unter Restoration Agriculture Development<\/a><\/li><li><a href=\"https:\/\/permacultureapprentice.com\/new-forest-farm-mark-shepard-100-acre-15-years-of-establishment\/\" target=\"_blank\" rel=\"noreferrer noopener\">Infos zur Farm von Permacultur Apprentice<\/a><\/li><\/ul><\/li><li><a href=\"http:\/\/www.polyfacefarms.com\/\" target=\"_blank\" rel=\"noreferrer noopener\">Polyface Farm<\/a><\/li><li><a href=\"https:\/\/themarketgardener.com\/\" target=\"_blank\" rel=\"noopener\">The Market Gardener<\/a> &#8211; <a href=\"https:\/\/lejardiniermaraicher.com\/a-propos\/jean-martin-fortier\/\" target=\"_blank\" rel=\"noopener\">Jean-Martin Fortier<\/a><\/li><li><a href=\"https:\/\/www.versaland.com\/farmscale-permaculture\" target=\"_blank\" rel=\"noreferrer noopener\">Versaland \u2013 Iowa, USA<\/a><ul><li><a href=\"http:\/\/permacultureapprentice.com\/versaland\/\" target=\"_blank\" rel=\"noreferrer noopener\">Infos zur Farm von Permacultur Apprentice<\/a><\/li><\/ul><\/li><li><a href=\"https:\/\/www.wholesystemsdesign.com\" target=\"_blank\" rel=\"noopener\">Ben Falk &#8211; Whole Systems Design in Vermont<\/a><\/li><\/ul>\t\t\t\t\t\t\t\t<\/div>\n\t\t\t\t<\/div>\n\t\t\t\t<div class=\"elementor-element elementor-element-999dc06 elementor-widget elementor-widget-heading\" data-id=\"999dc06\" data-element_type=\"widget\" data-e-type=\"widget\" data-widget_type=\"heading.default\">\n\t\t\t\t<div class=\"elementor-widget-container\">\n\t\t\t\t\t<h2 class=\"elementor-heading-title elementor-size-default\">Australie<\/h2>\t\t\t\t<\/div>\n\t\t\t\t<\/div>\n\t\t\t\t<div class=\"elementor-element elementor-element-96fad1a elementor-widget elementor-widget-text-editor\" data-id=\"96fad1a\" data-element_type=\"widget\" data-e-type=\"widget\" data-widget_type=\"text-editor.default\">\n\t\t\t\t<div class=\"elementor-widget-container\">\n\t\t\t\t\t\t\t\t\t<ul>\n<li><a href=\"https:\/\/foodforest.com.au\/about-us\/about-the-food-forest\/\" target=\"_blank\" rel=\"noreferrer noopener\">Food Forest &#8211; South Australia<\/a>\n<ul>\n<li><a href=\"https:\/\/permacultureapprentice.com\/food-forest-hillier-south-australia-annemarie-and-graham-brookman-permaculture-farm-and-learning-centre-37-acre-25-years-of-establishment\/\" target=\"_blank\" rel=\"noreferrer noopener\">Infos zur Farm von Permacultur Apprentice<\/a><\/li>\n<\/ul>\n<\/li>\n<li><a href=\"https:\/\/melliodora.com\/\" target=\"_blank\" rel=\"noreferrer noopener\">Melliodora Farm &#8211; David Holmgren<\/a>\n<ul>\n<li><a href=\"http:\/\/permacultureapprentice.com\/the-melliodora-model\/\" target=\"_blank\" rel=\"noreferrer noopener\">Infos zur Farm von Permacultur Apprentice<\/a><\/li>\n<li><a href=\"https:\/\/holmgren.com.au\/\" target=\"_blank\" rel=\"noreferrer noopener\">Holmgren Design<\/a><\/li>\n<\/ul>\n<\/li>\n<\/ul>\t\t\t\t\t\t\t\t<\/div>\n\t\t\t\t<\/div>\n\t\t\t\t<\/div>\n\t\t\t\t\t<\/div>\n\t\t\t\t<\/div>\n\t\t\t\t<\/div>","protected":false},"excerpt":{"rendered":"<p>Permakultur-Landwirtschaft international Interessante Betriebe international nach Kontinent. Europa Ferme du Bec Hellouin &#8211; Frankreich Gut&amp;B\u00f6sel &#8211; Benedikt B\u00f6sel &#8211; Briesen Deutschland Permakulturhof Eselfarm &#8211; Reichertshofen Deutschland Krameterhof &#8211; Familie Holzer &#8211; Lungau \u00d6sterreich Myrrhis Permakulturhaven &#8211; D\u00e4nemark Ridgedale permaculture &#8211; Richard Perkins &#8211; V\u00e4rmland Schweden Film \u00fcber Ridgedale Permaculture Incredible Farm &#8211; Todmorden England Lehmann [&hellip;]<\/p>\n","protected":false},"author":2,"featured_media":35188,"parent":0,"menu_order":0,"comment_status":"closed","ping_status":"closed","template":"","meta":{"_acf_changed":false,"site-sidebar-layout":"default","site-content-layout":"","ast-site-content-layout":"default","site-content-style":"default","site-sidebar-style":"default","ast-global-header-display":"","ast-banner-title-visibility":"","ast-main-header-display":"","ast-hfb-above-header-display":"","ast-hfb-below-header-display":"","ast-hfb-mobile-header-display":"","site-post-title":"","ast-breadcrumbs-content":"","ast-featured-img":"","footer-sml-layout":"","ast-disable-related-posts":"","theme-transparent-header-meta":"","adv-header-id-meta":"","stick-header-meta":"","header-above-stick-meta":"","header-main-stick-meta":"","header-below-stick-meta":"","astra-migrate-meta-layouts":"set","ast-page-background-enabled":"default","ast-page-background-meta":{"desktop":{"background-color":"var(--ast-global-color-4)","background-image":"","background-repeat":"repeat","background-position":"center center","background-size":"auto","background-attachment":"scroll","background-type":"","background-media":"","overlay-type":"","overlay-color":"","overlay-opacity":"","overlay-gradient":""},"tablet":{"background-color":"","background-image":"","background-repeat":"repeat","background-position":"center center","background-size":"auto","background-attachment":"scroll","background-type":"","background-media":"","overlay-type":"","overlay-color":"","overlay-opacity":"","overlay-gradient":""},"mobile":{"background-color":"","background-image":"","background-repeat":"repeat","background-position":"center center","background-size":"auto","background-attachment":"scroll","background-type":"","background-media":"","overlay-type":"","overlay-color":"","overlay-opacity":"","overlay-gradient":""}},"ast-content-background-meta":{"desktop":{"background-color":"var(--ast-global-color-5)","background-image":"","background-repeat":"repeat","background-position":"center center","background-size":"auto","background-attachment":"scroll","background-type":"","background-media":"","overlay-type":"","overlay-color":"","overlay-opacity":"","overlay-gradient":""},"tablet":{"background-color":"var(--ast-global-color-5)","background-image":"","background-repeat":"repeat","background-position":"center center","background-size":"auto","background-attachment":"scroll","background-type":"","background-media":"","overlay-type":"","overlay-color":"","overlay-opacity":"","overlay-gradient":""},"mobile":{"background-color":"var(--ast-global-color-5)","background-image":"","background-repeat":"repeat","background-position":"center center","background-size":"auto","background-attachment":"scroll","background-type":"","background-media":"","overlay-type":"","overlay-color":"","overlay-opacity":"","overlay-gradient":""}},"footnotes":""},"class_list":["post-19878","page","type-page","status-publish","has-post-thumbnail","hentry"],"acf":[],"yoast_head":"<!-- This site is optimized with the Yoast SEO plugin v27.5 - https:\/\/yoast.com\/product\/yoast-seo-wordpress\/ -->\n<title>Interessante Betriebe International - Permakultur-Landwirtschaft<\/title>\n<meta name=\"robots\" content=\"index, follow, max-snippet:-1, max-image-preview:large, max-video-preview:-1\" \/>\n<link rel=\"canonical\" href=\"https:\/\/permakultur-landwirtschaft.org\/fr\/interessante-betriebe-international\/\" \/>\n<meta property=\"og:locale\" content=\"fr_FR\" \/>\n<meta property=\"og:type\" content=\"article\" \/>\n<meta property=\"og:title\" content=\"Interessante Betriebe International - Permakultur-Landwirtschaft\" \/>\n<meta property=\"og:description\" content=\"Permakultur-Landwirtschaft international Interessante Betriebe international nach Kontinent. Europa Ferme du Bec Hellouin &#8211; Frankreich Gut&amp;B\u00f6sel &#8211; Benedikt B\u00f6sel &#8211; Briesen Deutschland Permakulturhof Eselfarm &#8211; Reichertshofen Deutschland Krameterhof &#8211; Familie Holzer &#8211; Lungau \u00d6sterreich Myrrhis Permakulturhaven &#8211; D\u00e4nemark Ridgedale permaculture &#8211; Richard Perkins &#8211; V\u00e4rmland Schweden Film \u00fcber Ridgedale Permaculture Incredible Farm &#8211; Todmorden England Lehmann [&hellip;]\" \/>\n<meta property=\"og:url\" content=\"https:\/\/permakultur-landwirtschaft.org\/fr\/interessante-betriebe-international\/\" \/>\n<meta property=\"og:site_name\" content=\"Permakultur-Landwirtschaft\" \/>\n<meta property=\"article:publisher\" content=\"https:\/\/www.facebook.com\/PermakulturLandwirtschaft\" \/>\n<meta property=\"article:modified_time\" content=\"2026-04-09T13:33:31+00:00\" \/>\n<meta property=\"og:image\" content=\"https:\/\/permakultur-landwirtschaft.org\/wp-content\/uploads\/2024\/09\/wwoof.de_1c6f0f880498106177411dc1cfa9cb98.jpg\" \/>\n\t<meta property=\"og:image:width\" content=\"700\" \/>\n\t<meta property=\"og:image:height\" content=\"393\" \/>\n\t<meta property=\"og:image:type\" content=\"image\/jpeg\" \/>\n<meta name=\"twitter:card\" content=\"summary_large_image\" \/>\n<meta name=\"twitter:label1\" content=\"Dur\u00e9e de lecture estim\u00e9e\" \/>\n\t<meta name=\"twitter:data1\" content=\"1 minute\" \/>\n<script type=\"application\/ld+json\" class=\"yoast-schema-graph\">{\"@context\":\"https:\\\/\\\/schema.org\",\"@graph\":[{\"@type\":\"WebPage\",\"@id\":\"https:\\\/\\\/permakultur-landwirtschaft.org\\\/interessante-betriebe-international\\\/\",\"url\":\"https:\\\/\\\/permakultur-landwirtschaft.org\\\/interessante-betriebe-international\\\/\",\"name\":\"Interessante Betriebe International - Permakultur-Landwirtschaft\",\"isPartOf\":{\"@id\":\"https:\\\/\\\/permakultur-landwirtschaft.org\\\/#website\"},\"primaryImageOfPage\":{\"@id\":\"https:\\\/\\\/permakultur-landwirtschaft.org\\\/interessante-betriebe-international\\\/#primaryimage\"},\"image\":{\"@id\":\"https:\\\/\\\/permakultur-landwirtschaft.org\\\/interessante-betriebe-international\\\/#primaryimage\"},\"thumbnailUrl\":\"https:\\\/\\\/permakultur-landwirtschaft.org\\\/wp-content\\\/uploads\\\/2024\\\/09\\\/wwoof.de_1c6f0f880498106177411dc1cfa9cb98.jpg\",\"datePublished\":\"2022-05-28T11:38:39+00:00\",\"dateModified\":\"2026-04-09T13:33:31+00:00\",\"breadcrumb\":{\"@id\":\"https:\\\/\\\/permakultur-landwirtschaft.org\\\/interessante-betriebe-international\\\/#breadcrumb\"},\"inLanguage\":\"fr-FR\",\"potentialAction\":[{\"@type\":\"ReadAction\",\"target\":[\"https:\\\/\\\/permakultur-landwirtschaft.org\\\/interessante-betriebe-international\\\/\"]}]},{\"@type\":\"ImageObject\",\"inLanguage\":\"fr-FR\",\"@id\":\"https:\\\/\\\/permakultur-landwirtschaft.org\\\/interessante-betriebe-international\\\/#primaryimage\",\"url\":\"https:\\\/\\\/permakultur-landwirtschaft.org\\\/wp-content\\\/uploads\\\/2024\\\/09\\\/wwoof.de_1c6f0f880498106177411dc1cfa9cb98.jpg\",\"contentUrl\":\"https:\\\/\\\/permakultur-landwirtschaft.org\\\/wp-content\\\/uploads\\\/2024\\\/09\\\/wwoof.de_1c6f0f880498106177411dc1cfa9cb98.jpg\",\"width\":700,\"height\":393,\"caption\":\"Bild: wwoof.de\"},{\"@type\":\"BreadcrumbList\",\"@id\":\"https:\\\/\\\/permakultur-landwirtschaft.org\\\/interessante-betriebe-international\\\/#breadcrumb\",\"itemListElement\":[{\"@type\":\"ListItem\",\"position\":1,\"name\":\"Startseite\",\"item\":\"https:\\\/\\\/permakultur-landwirtschaft.org\\\/\"},{\"@type\":\"ListItem\",\"position\":2,\"name\":\"Interessante Betriebe International\"}]},{\"@type\":\"WebSite\",\"@id\":\"https:\\\/\\\/permakultur-landwirtschaft.org\\\/#website\",\"url\":\"https:\\\/\\\/permakultur-landwirtschaft.org\\\/\",\"name\":\"Permakultur-Landwirtschaft\",\"description\":\"F\u00f6rderung der Permakultur in der Landwirtschaft\",\"publisher\":{\"@id\":\"https:\\\/\\\/permakultur-landwirtschaft.org\\\/#organization\"},\"potentialAction\":[{\"@type\":\"SearchAction\",\"target\":{\"@type\":\"EntryPoint\",\"urlTemplate\":\"https:\\\/\\\/permakultur-landwirtschaft.org\\\/?s={search_term_string}\"},\"query-input\":{\"@type\":\"PropertyValueSpecification\",\"valueRequired\":true,\"valueName\":\"search_term_string\"}}],\"inLanguage\":\"fr-FR\"},{\"@type\":\"Organization\",\"@id\":\"https:\\\/\\\/permakultur-landwirtschaft.org\\\/#organization\",\"name\":\"Permakultur-Landwirtschaft\",\"alternateName\":\"Verein Permakultur-Landwirtschaft\",\"url\":\"https:\\\/\\\/permakultur-landwirtschaft.org\\\/\",\"logo\":{\"@type\":\"ImageObject\",\"inLanguage\":\"fr-FR\",\"@id\":\"https:\\\/\\\/permakultur-landwirtschaft.org\\\/#\\\/schema\\\/logo\\\/image\\\/\",\"url\":\"https:\\\/\\\/permakultur-landwirtschaft.org\\\/wp-content\\\/uploads\\\/2021\\\/11\\\/pela_1268x1269.png\",\"contentUrl\":\"https:\\\/\\\/permakultur-landwirtschaft.org\\\/wp-content\\\/uploads\\\/2021\\\/11\\\/pela_1268x1269.png\",\"width\":1298,\"height\":1269,\"caption\":\"Permakultur-Landwirtschaft\"},\"image\":{\"@id\":\"https:\\\/\\\/permakultur-landwirtschaft.org\\\/#\\\/schema\\\/logo\\\/image\\\/\"},\"sameAs\":[\"https:\\\/\\\/www.facebook.com\\\/PermakulturLandwirtschaft\",\"https:\\\/\\\/www.instagram.com\\\/permakultur_landwirtschaft\\\/\",\"https:\\\/\\\/www.flickr.com\\\/photos\\\/permakultur-landwirtschaft\",\"https:\\\/\\\/www.youtube.com\\\/@PermakulturLandwirtschaft\"]}]}<\/script>\n<!-- \/ Yoast SEO plugin. -->","yoast_head_json":{"title":"Interessante Betriebe International - Permakultur-Landwirtschaft","robots":{"index":"index","follow":"follow","max-snippet":"max-snippet:-1","max-image-preview":"max-image-preview:large","max-video-preview":"max-video-preview:-1"},"canonical":"https:\/\/permakultur-landwirtschaft.org\/fr\/interessante-betriebe-international\/","og_locale":"fr_FR","og_type":"article","og_title":"Interessante Betriebe International - Permakultur-Landwirtschaft","og_description":"Permakultur-Landwirtschaft international Interessante Betriebe international nach Kontinent. Europa Ferme du Bec Hellouin &#8211; Frankreich Gut&amp;B\u00f6sel &#8211; Benedikt B\u00f6sel &#8211; Briesen Deutschland Permakulturhof Eselfarm &#8211; Reichertshofen Deutschland Krameterhof &#8211; Familie Holzer &#8211; Lungau \u00d6sterreich Myrrhis Permakulturhaven &#8211; D\u00e4nemark Ridgedale permaculture &#8211; Richard Perkins &#8211; V\u00e4rmland Schweden Film \u00fcber Ridgedale Permaculture Incredible Farm &#8211; Todmorden England Lehmann [&hellip;]","og_url":"https:\/\/permakultur-landwirtschaft.org\/fr\/interessante-betriebe-international\/","og_site_name":"Permakultur-Landwirtschaft","article_publisher":"https:\/\/www.facebook.com\/PermakulturLandwirtschaft","article_modified_time":"2026-04-09T13:33:31+00:00","og_image":[{"width":700,"height":393,"url":"https:\/\/permakultur-landwirtschaft.org\/wp-content\/uploads\/2024\/09\/wwoof.de_1c6f0f880498106177411dc1cfa9cb98.jpg","type":"image\/jpeg"}],"twitter_card":"summary_large_image","twitter_misc":{"Dur\u00e9e de lecture estim\u00e9e":"1 minute"},"schema":{"@context":"https:\/\/schema.org","@graph":[{"@type":"WebPage","@id":"https:\/\/permakultur-landwirtschaft.org\/interessante-betriebe-international\/","url":"https:\/\/permakultur-landwirtschaft.org\/interessante-betriebe-international\/","name":"Interessante Betriebe International - Permakultur-Landwirtschaft","isPartOf":{"@id":"https:\/\/permakultur-landwirtschaft.org\/#website"},"primaryImageOfPage":{"@id":"https:\/\/permakultur-landwirtschaft.org\/interessante-betriebe-international\/#primaryimage"},"image":{"@id":"https:\/\/permakultur-landwirtschaft.org\/interessante-betriebe-international\/#primaryimage"},"thumbnailUrl":"https:\/\/permakultur-landwirtschaft.org\/wp-content\/uploads\/2024\/09\/wwoof.de_1c6f0f880498106177411dc1cfa9cb98.jpg","datePublished":"2022-05-28T11:38:39+00:00","dateModified":"2026-04-09T13:33:31+00:00","breadcrumb":{"@id":"https:\/\/permakultur-landwirtschaft.org\/interessante-betriebe-international\/#breadcrumb"},"inLanguage":"fr-FR","potentialAction":[{"@type":"ReadAction","target":["https:\/\/permakultur-landwirtschaft.org\/interessante-betriebe-international\/"]}]},{"@type":"ImageObject","inLanguage":"fr-FR","@id":"https:\/\/permakultur-landwirtschaft.org\/interessante-betriebe-international\/#primaryimage","url":"https:\/\/permakultur-landwirtschaft.org\/wp-content\/uploads\/2024\/09\/wwoof.de_1c6f0f880498106177411dc1cfa9cb98.jpg","contentUrl":"https:\/\/permakultur-landwirtschaft.org\/wp-content\/uploads\/2024\/09\/wwoof.de_1c6f0f880498106177411dc1cfa9cb98.jpg","width":700,"height":393,"caption":"Bild: wwoof.de"},{"@type":"BreadcrumbList","@id":"https:\/\/permakultur-landwirtschaft.org\/interessante-betriebe-international\/#breadcrumb","itemListElement":[{"@type":"ListItem","position":1,"name":"Startseite","item":"https:\/\/permakultur-landwirtschaft.org\/"},{"@type":"ListItem","position":2,"name":"Interessante Betriebe International"}]},{"@type":"WebSite","@id":"https:\/\/permakultur-landwirtschaft.org\/#website","url":"https:\/\/permakultur-landwirtschaft.org\/","name":"Permakultur-Landwirtschaft","description":"F\u00f6rderung der Permakultur in der Landwirtschaft","publisher":{"@id":"https:\/\/permakultur-landwirtschaft.org\/#organization"},"potentialAction":[{"@type":"SearchAction","target":{"@type":"EntryPoint","urlTemplate":"https:\/\/permakultur-landwirtschaft.org\/?s={search_term_string}"},"query-input":{"@type":"PropertyValueSpecification","valueRequired":true,"valueName":"search_term_string"}}],"inLanguage":"fr-FR"},{"@type":"Organization","@id":"https:\/\/permakultur-landwirtschaft.org\/#organization","name":"Permakultur-Landwirtschaft","alternateName":"Verein Permakultur-Landwirtschaft","url":"https:\/\/permakultur-landwirtschaft.org\/","logo":{"@type":"ImageObject","inLanguage":"fr-FR","@id":"https:\/\/permakultur-landwirtschaft.org\/#\/schema\/logo\/image\/","url":"https:\/\/permakultur-landwirtschaft.org\/wp-content\/uploads\/2021\/11\/pela_1268x1269.png","contentUrl":"https:\/\/permakultur-landwirtschaft.org\/wp-content\/uploads\/2021\/11\/pela_1268x1269.png","width":1298,"height":1269,"caption":"Permakultur-Landwirtschaft"},"image":{"@id":"https:\/\/permakultur-landwirtschaft.org\/#\/schema\/logo\/image\/"},"sameAs":["https:\/\/www.facebook.com\/PermakulturLandwirtschaft","https:\/\/www.instagram.com\/permakultur_landwirtschaft\/","https:\/\/www.flickr.com\/photos\/permakultur-landwirtschaft","https:\/\/www.youtube.com\/@PermakulturLandwirtschaft"]}]}},"_links":{"self":[{"href":"https:\/\/permakultur-landwirtschaft.org\/fr\/wp-json\/wp\/v2\/pages\/19878","targetHints":{"allow":["GET"]}}],"collection":[{"href":"https:\/\/permakultur-landwirtschaft.org\/fr\/wp-json\/wp\/v2\/pages"}],"about":[{"href":"https:\/\/permakultur-landwirtschaft.org\/fr\/wp-json\/wp\/v2\/types\/page"}],"author":[{"embeddable":true,"href":"https:\/\/permakultur-landwirtschaft.org\/fr\/wp-json\/wp\/v2\/users\/2"}],"replies":[{"embeddable":true,"href":"https:\/\/permakultur-landwirtschaft.org\/fr\/wp-json\/wp\/v2\/comments?post=19878"}],"version-history":[{"count":45,"href":"https:\/\/permakultur-landwirtschaft.org\/fr\/wp-json\/wp\/v2\/pages\/19878\/revisions"}],"predecessor-version":[{"id":39221,"href":"https:\/\/permakultur-landwirtschaft.org\/fr\/wp-json\/wp\/v2\/pages\/19878\/revisions\/39221"}],"wp:featuredmedia":[{"embeddable":true,"href":"https:\/\/permakultur-landwirtschaft.org\/fr\/wp-json\/wp\/v2\/media\/35188"}],"wp:attachment":[{"href":"https:\/\/permakultur-landwirtschaft.org\/fr\/wp-json\/wp\/v2\/media?parent=19878"}],"curies":[{"name":"wp","href":"https:\/\/api.w.org\/{rel}","templated":true}]}}