{"id":18637,"date":"2022-03-18T07:20:48","date_gmt":"2022-03-18T06:20:48","guid":{"rendered":"https:\/\/permakultur-landwirtschaft.org\/?page_id=18637"},"modified":"2024-05-21T11:29:57","modified_gmt":"2024-05-21T09:29:57","slug":"ideen-fuer-forschungsarbeiten","status":"publish","type":"page","link":"https:\/\/permakultur-landwirtschaft.org\/fr\/ideen-fuer-forschungsarbeiten\/","title":{"rendered":"Id\u00e9es pour la recherche"},"content":{"rendered":"\t\t<div data-elementor-type=\"wp-page\" data-elementor-id=\"18637\" class=\"elementor elementor-18637\" data-elementor-post-type=\"page\">\n\t\t\t\t<div class=\"elementor-element elementor-element-7c753c7 e-flex e-con-boxed e-con e-parent\" data-id=\"7c753c7\" data-element_type=\"container\" data-e-type=\"container\">\n\t\t\t\t\t<div class=\"e-con-inner\">\n\t\t\t\t<div class=\"elementor-element elementor-element-d76ce8b elementor-widget elementor-widget-heading\" data-id=\"d76ce8b\" data-element_type=\"widget\" data-e-type=\"widget\" data-widget_type=\"heading.default\">\n\t\t\t\t<div class=\"elementor-widget-container\">\n\t\t\t\t\t<h1 class=\"elementor-heading-title elementor-size-default\">Ideen f\u00fcr Forschungsarbeiten<\/h1>\t\t\t\t<\/div>\n\t\t\t\t<\/div>\n\t\t\t\t<div class=\"elementor-element elementor-element-d3494bd elementor-align-left elementor-widget elementor-widget-global elementor-global-31837 elementor-widget-post-info\" data-id=\"d3494bd\" data-element_type=\"widget\" data-e-type=\"widget\" data-widget_type=\"post-info.default\">\n\t\t\t\t<div class=\"elementor-widget-container\">\n\t\t\t\t\t\t\t<ul class=\"elementor-inline-items elementor-icon-list-items elementor-post-info\">\n\t\t\t\t\t\t\t\t<li class=\"elementor-icon-list-item elementor-repeater-item-b86257f elementor-inline-item\">\n\t\t\t\t\t\t\t\t\t\t\t\t\t<span class=\"elementor-icon-list-text elementor-post-info__item elementor-post-info__item--type-custom\">\n\t\t\t\t\t\t\t\t\t\tzuletzt aktualisiert am\t\t\t\t\t<\/span>\n\t\t\t\t\t\t\t\t<\/li>\n\t\t\t\t<li class=\"elementor-icon-list-item elementor-repeater-item-94e5de7 elementor-inline-item\">\n\t\t\t\t\t\t\t\t\t\t\t\t\t<span class=\"elementor-icon-list-text elementor-post-info__item elementor-post-info__item--type-custom\">\n\t\t\t\t\t\t\t\t\t\t21. mai 2024\t\t\t\t\t<\/span>\n\t\t\t\t\t\t\t\t<\/li>\n\t\t\t\t<\/ul>\n\t\t\t\t\t\t<\/div>\n\t\t\t\t<\/div>\n\t\t\t\t<div class=\"elementor-element elementor-element-a3eb390 elementor-widget elementor-widget-text-editor\" data-id=\"a3eb390\" data-element_type=\"widget\" data-e-type=\"widget\" data-widget_type=\"text-editor.default\">\n\t\t\t\t<div class=\"elementor-widget-container\">\n\t\t\t\t\t\t\t\t\t<p>Hier sammeln wir Themenideen f\u00fcr Forschungsarbeiten rund um das Thema Permakultur-Landwirtschaft. Weitere Ideen und Hinweise auf bestehende Forschungsarbeiten nehmen wir gerne entgegen unter <a href=\"https:\/\/permakultur-landwirtschaft.org\/kontakt\/\">Kontakt<\/a>.<\/p>\n<p>Idee f\u00fcr die Themensuche: Eine Publikationen suchen die man spannend findet und im Kapitel &#171;Fazit&#187; oder &#171;Diskussion&#187; nachlesen was in diesen Arbeit f\u00fcr weiterf\u00fchrende Forschung vorgeschlagen wird. Publikationen gibt es unter <a href=\"https:\/\/permakultur-landwirtschaft.org\/publikationen\/\" data-type=\"page\" data-id=\"18639\">Publikationen<\/a>.<\/p>\n<p><\/p>\n<p><\/p>\n<p><\/p>\t\t\t\t\t\t\t\t<\/div>\n\t\t\t\t<\/div>\n\t\t\t\t<div class=\"elementor-element elementor-element-2623d53 elementor-widget elementor-widget-html\" data-id=\"2623d53\" data-element_type=\"widget\" data-e-type=\"widget\" data-widget_type=\"html.default\">\n\t\t\t\t<div class=\"elementor-widget-container\">\n\t\t\t\t\t<head>\n\t\t<script src=\"https:\/\/ajax.googleapis.com\/ajax\/libs\/jquery\/3.6.0\/jquery.min.js\"><\/script>\t\t\n\t<\/head>\n\t\n<input type=\"text\" id=\"mySearchInput\" onkeyup=\"searchTables();\" placeholder=\"Tabelle durchsuchen...\">\n<button id=\"clear-button\" type=\"button\" class=\"elementor-button\">Suche zur&uuml;cksetzen<\/button><br\/>\n\n<script type=\"text\/javascript\">\n\t\n\t\/\/ mit jQuery\n\t$(document).ready(function(){\n\t  $(\"#clear-button\").click(function(){\n\t\t$(\"#mySearchInput\").val(\"\");\n\t\tsearchTables();\n\t  });\n});\n\t\n\/*\n* searches text in tables and filters table \n*\/\nfunction searchTables() {\n  var input, filter, tables, table, tr, td, i, tableIndex, txtValue, textFoundInRow, vorname, nachname, ledigname, infos;\n  txtValue = \"\";\n  input = document.getElementById(\"mySearchInput\");\n  filter = input.value.toUpperCase();\n  tables = document.getElementsByClassName(\"ausgabeTabelle\");\n \n  for (tableIndex = 0; tableIndex< tables.length; tableIndex++) {\n\t  table = tables[tableIndex];\n\t  tr = table.getElementsByTagName(\"tr\");  \n\t \n\t  for (i = 1; i < tr.length; i++) {\n\t\t  \n\t\ttextFoundInRow = false;\n\t\t\n\t\ttd = tr[i].getElementsByTagName(\"td\"); \n\t\tfor (iTd = 0; iTd < td.length-1; iTd++) {\n\t\t\t\n\t\t\tvalue1 = td[iTd];\t\t\n\t\t\t\n\t\t\tif (value1) {\n\t\t\t  txtValue = value1.textContent || value1.innerText;\n\t\t\t  \/\/console.log(\"row: \"+i+\" column: \"+iTd+\" value: \"+txtValue+\" jjjj\");\n\t\t\t  if (txtValue.toUpperCase().indexOf(filter) > -1) {\t\t \n\t\t\t\ttextFoundInRow = true;\t\t\n\t\t\t  }      \n\t\t\t}  \n\t\t   \n\t\t} \n\t\tif (textFoundInRow == true) {\n\t\t\ttr[i].style.display = \"\";\n\t\t} \n\t\telse {\n\t\t\ttr[i].style.display = \"none\";\n\t\t}\t\n\t }\n  }\n}\n\n<\/script>\t\t\t\t<\/div>\n\t\t\t\t<\/div>\n\t\t\t\t<div class=\"elementor-element elementor-element-696eb7a elementor-widget elementor-widget-shortcode\" data-id=\"696eb7a\" data-element_type=\"widget\" data-e-type=\"widget\" data-widget_type=\"shortcode.default\">\n\t\t\t\t<div class=\"elementor-widget-container\">\n\t\t\t\t\t\t\t<div class=\"elementor-shortcode\"><div style=\"overflow-x:auto;\"><table border=\"0\" class=\"ausgabeTabelle\">\n<thead><tr><th>Titel<\/th><th>Beschreibung<\/th><th>Stichworte<\/th><th>Datum<\/th><\/tr><\/thead><tbody><tr><td>Anbau von Wildgem\u00fcsen<\/td><td><\/td><td><\/td><td>11.10.2022<\/td><\/tr><tr><td>Anpassung Gesetze und Vorschriften um Permakultur in der Landwirtschaft zu f\u00f6rdern<\/td><td>Wie k\u00f6nnen die aktuellen Gesetze und Vorschriften angepasst werden, um Permakultur in der Landwirtschaft zu f\u00f6rdern?<\/td><td><\/td><td>11.10.2022<\/td><\/tr><tr><td>Aufbau und Entwicklung von Mehrj\u00e4hrigen Gem\u00fcsen und seltenen Obstarten in Pflanzengilden<\/td><td><\/td><td><\/td><td>11.10.2022<\/td><\/tr><tr><td>Beerenwein<\/td><td><\/td><td><\/td><td>01.01.2022<\/td><\/tr><tr><td>Definition von Permakultur-Landwirtschaft<\/td><td>Wann ist ein Landwirtschaftsbetrieb ein Permakultur Betrieb?<\/td><td><\/td><td>11.10.2022<\/td><\/tr><tr><td>Fermentation von Stechpalme<\/td><td>Aus Stechpalme l\u00e4sst sich offenbar durch Fermentation ein Mate\u00e4hnliches Getr\u00e4nk herstellen.<\/td><td><\/td><td>01.01.2022<\/td><\/tr><tr><td>Gem\u00fcsebaum<\/td><td>Interdisziplin\u00e4re Arbeit zum Gem\u00fcsebaum:\r\n- wie nachhaltig ernten (agronomie)\r\n- wie verarbeiten (lebensmittel)\r\n- wie vermarkten (marketing) <\/td><td><\/td><td>20.07.2022<\/td><\/tr><tr><td>Humusaufbau im Zusammenhang mit Agroforst<\/td><td><\/td><td>Agroforst, Humus<\/td><td>11.10.2022<\/td><\/tr><tr><td>Integration von Holistic Management<\/td><td><\/td><td><\/td><td>11.10.2022<\/td><\/tr><tr><td>Lassen sich durch Verwendung von Agroforstsystemen, Key Line Farming und der Verwendung von aktivierter Pflanzenkohle die Bodenfruchtbarkeit und der Wasserhaushalt mit Blick auf die Herausforderungen des Klimawandels verbessern?<\/td><td><\/td><td><\/td><td>12.11.2022<\/td><\/tr><tr><td>M\u00f6glichkeiten und Herausforderungen f\u00fcr (Klein-) betriebe zur Umsetzung von Permakultur (-elementen) und deren Potentiale<\/td><td>Transdisziplin\u00e4re Forschungsarbeit \u00fcber die M\u00f6glichkeiten und Herausforderungen f\u00fcr (Klein-) betriebe zur Umsetzung (Umstellung) von Permakultur (-elementen) und deren Potentiale (z.B.  Biodiversit\u00e4tsf\u00f6rderung, Humusaufbau, Resilientere Systeme)<\/td><td><\/td><td>12.11.2022<\/td><\/tr><tr><td>Mykorrhiza und Permakultur<\/td><td><\/td><td><\/td><td>11.10.2022<\/td><\/tr><tr><td>Parameter entwickeln f\u00fcr die Planung eines Agroforst Systems<\/td><td>Which parameters need to be asessed (which soil tests need to be done) to plan an agroforestry system\r\n<\/td><td>Agroforst<\/td><td>01.01.2022<\/td><\/tr><tr><td>Pflanzen die gezielt N\u00e4hrstoffe akkumulieren<\/td><td>z.b Pappelarten welche viel Zink aufnehmen. Mit solchen Pflanzen in Agroforstsystemen damit man dann gezielt kompostieren wo die entsprechenden N\u00e4hrstoffe fehlen > Begriff \u00abHyperakkumulatoren\u00bb<\/td><td>Kompost, N\u00e4hrstoffe<\/td><td>13.12.2022<\/td><\/tr><tr><td>Risikoabsch\u00e4tzung - Auswaschungsprobleme von N\u00e4hrstoffen in Permakultur Systemen?<\/td><td>In Permakultur Systemen k\u00f6nnen sich N\u00e4hrstoffe akkumulieren z.B. aufgrund der Mulch Zugaben. Kann dies zu Auswaschungsgefahr von N\u00e4hrstoffen f\u00fchren?<\/td><td>N\u00e4hrstoffe, Auswaschung<\/td><td>07.03.2023<\/td><\/tr><tr><td>Spezielle Produkte genauer anschauen<\/td><td>Geschmack, Anbau, Wertsch\u00f6pfungsketten. Z.B.: Beinwell (Bl\u00e4tter als auch Wurzeln), Brombeeren, Baumspinat, Taglilien, Knollenziest, Straussenfarn, Giersch, Borretsch, Melde, Ysop, Beinwell, Maulbeere, Johannisbeere\u2026\r\n<\/td><td><\/td><td>01.01.0000<\/td><\/tr><tr><td>Strohkartoffeln und Kartoffelk\u00e4fer <\/td><td>Untersuchung, ob Kartoffelk\u00e4fer mit Rainfarn (Jauche, Mulch, Silage) bek\u00e4mpft werden k\u00f6nnte<\/td><td><\/td><td>01.01.2022<\/td><\/tr><tr><td>\u00dcbergang zu einer nachhaltigen Agrar- und Ern\u00e4hrungswirtschaft mithilfe der Permakultur<\/td><td>Planung wie der \u00dcbergang zu einer nachhaltigen Agrar- und Ern\u00e4hrungswirtschaft mithilfe der Permakultur in der Praxis erfolgreich gelingen kann. Fazit aus einer Masterarbeit \"Permakultur und Nachhaltigkeit\" vom 07.07.2022.<\/td><td><\/td><td>11.10.2022<\/td><\/tr><tr><td>Ver\u00e4nderung des Wasserhaushalts mit Permakultur<\/td><td><\/td><td><\/td><td>11.10.2022<\/td><\/tr><tr><td>Verarbeiteten von Wildfr\u00fcchten als Superfood<\/td><td>Mehlbeereen und Vogelbeeren, Wildobst-Konfi (einzeln, Mischungen mit Kulturbeeren, etc.) oder Beerenweine.<\/td><td><\/td><td>05.10.2022<\/td><\/tr><tr><td>Vergleich konventioneller, biologischer und permakultureller Landwirtschaft<\/td><td><\/td><td><\/td><td>11.10.2022<\/td><\/tr><tr><td>Vermarktungsstrategien von artenreichen Gem\u00fcsen<\/td><td><\/td><td><\/td><td>11.10.2022<\/td><\/tr><tr><td>Welche Voraussetzungen ben\u00f6tigt ein Agroforst System<\/td><td>What situation is suitable for agroforst (maybe also depending on different species)\r\n- What can be done to change the situation if the ground is not yet suitable for an agroforst plantation?<\/td><td><\/td><td>05.10.2022<\/td><\/tr><tr><td>Wie schreibt man einen Stiftungsantrag<\/td><td>Stefanie: Als kleinen Follow-up m\u00f6chte ich das Thema studentische Unterst\u00fctzung f\u00fcr F\u00f6rderantr\u00e4ge aufnehmen. Immer mal wieder gibt es spannende Projekte, die von Landwirt*innen betrieben werden, denen das Antragschreiben nicht so liegt. Meint ihr, es g\u00e4be Stundent*innen, die daf\u00fcr zu haben w\u00e4ren? Falls ja, m\u00fcssten wir noch schauen, wie wir das kommunizieren k\u00f6nnen. Ich bin offen f\u00fcr Vorschl\u00e4ge.<\/td><td><\/td><td>05.10.2022<\/td><\/tr><tr><td>Wie unterscheiden sich die N\u00e4hrstoffe im Permakultur-Gem\u00fcse \/ Obst \/ Getreide vom konventionellen Gem\u00fcse?<\/td><td>Ist der N\u00e4hrstoffgehalt bei etablierter Permakultur h\u00f6her als im konventionellen oder biologischen Anbau?<\/td><td>N\u00e4hrstoffe<\/td><td>14.08.2025<\/td><\/tr><tr><td>Wurzel-Boden Interaktion<\/td><td>Konkrete Fragestellung noch offen. Ideen sind willkommen<\/td><td><\/td><td>11.10.2022<\/td><\/tr><\/tbody><\/table><\/div><\/div>\n\t\t\t\t\t\t<\/div>\n\t\t\t\t<\/div>\n\t\t\t\t<div class=\"elementor-element elementor-element-2520c27 elementor-widget elementor-widget-spacer\" data-id=\"2520c27\" data-element_type=\"widget\" data-e-type=\"widget\" data-widget_type=\"spacer.default\">\n\t\t\t\t<div class=\"elementor-widget-container\">\n\t\t\t\t\t\t\t<div class=\"elementor-spacer\">\n\t\t\t<div class=\"elementor-spacer-inner\"><\/div>\n\t\t<\/div>\n\t\t\t\t\t\t<\/div>\n\t\t\t\t<\/div>\n\t\t\t\t\t<\/div>\n\t\t\t\t<\/div>\n\t\t\t\t<\/div>\n\t\t","protected":false},"excerpt":{"rendered":"<p>Ideen f\u00fcr Forschungsarbeiten Hier sammeln wir Themenideen f\u00fcr Forschungsarbeiten rund um das Thema Permakultur-Landwirtschaft. Weitere Ideen und Hinweise auf bestehende Forschungsarbeiten nehmen wir gerne entgegen unter Kontakt. Idee f\u00fcr die Themensuche: Eine Publikationen suchen die man spannend findet und im Kapitel &#171;Fazit&#187; oder &#171;Diskussion&#187; nachlesen was in diesen Arbeit f\u00fcr weiterf\u00fchrende Forschung vorgeschlagen wird. Publikationen [&hellip;]<\/p>\n","protected":false},"author":2,"featured_media":0,"parent":0,"menu_order":0,"comment_status":"closed","ping_status":"closed","template":"","meta":{"_acf_changed":false,"site-sidebar-layout":"default","site-content-layout":"","ast-site-content-layout":"default","site-content-style":"default","site-sidebar-style":"default","ast-global-header-display":"","ast-banner-title-visibility":"","ast-main-header-display":"","ast-hfb-above-header-display":"","ast-hfb-below-header-display":"","ast-hfb-mobile-header-display":"","site-post-title":"","ast-breadcrumbs-content":"","ast-featured-img":"","footer-sml-layout":"","ast-disable-related-posts":"","theme-transparent-header-meta":"","adv-header-id-meta":"","stick-header-meta":"","header-above-stick-meta":"","header-main-stick-meta":"","header-below-stick-meta":"","astra-migrate-meta-layouts":"default","ast-page-background-enabled":"default","ast-page-background-meta":{"desktop":{"background-color":"var(--ast-global-color-4)","background-image":"","background-repeat":"repeat","background-position":"center center","background-size":"auto","background-attachment":"scroll","background-type":"","background-media":"","overlay-type":"","overlay-color":"","overlay-opacity":"","overlay-gradient":""},"tablet":{"background-color":"","background-image":"","background-repeat":"repeat","background-position":"center center","background-size":"auto","background-attachment":"scroll","background-type":"","background-media":"","overlay-type":"","overlay-color":"","overlay-opacity":"","overlay-gradient":""},"mobile":{"background-color":"","background-image":"","background-repeat":"repeat","background-position":"center center","background-size":"auto","background-attachment":"scroll","background-type":"","background-media":"","overlay-type":"","overlay-color":"","overlay-opacity":"","overlay-gradient":""}},"ast-content-background-meta":{"desktop":{"background-color":"var(--ast-global-color-5)","background-image":"","background-repeat":"repeat","background-position":"center center","background-size":"auto","background-attachment":"scroll","background-type":"","background-media":"","overlay-type":"","overlay-color":"","overlay-opacity":"","overlay-gradient":""},"tablet":{"background-color":"var(--ast-global-color-5)","background-image":"","background-repeat":"repeat","background-position":"center center","background-size":"auto","background-attachment":"scroll","background-type":"","background-media":"","overlay-type":"","overlay-color":"","overlay-opacity":"","overlay-gradient":""},"mobile":{"background-color":"var(--ast-global-color-5)","background-image":"","background-repeat":"repeat","background-position":"center center","background-size":"auto","background-attachment":"scroll","background-type":"","background-media":"","overlay-type":"","overlay-color":"","overlay-opacity":"","overlay-gradient":""}},"footnotes":""},"class_list":["post-18637","page","type-page","status-publish","hentry"],"acf":[],"yoast_head":"<!-- This site is optimized with the Yoast SEO plugin v27.5 - https:\/\/yoast.com\/product\/yoast-seo-wordpress\/ -->\n<title>Ideen f\u00fcr Forschungsarbeiten - Permakultur-Landwirtschaft<\/title>\n<meta name=\"robots\" content=\"index, follow, max-snippet:-1, max-image-preview:large, max-video-preview:-1\" \/>\n<link rel=\"canonical\" href=\"https:\/\/permakultur-landwirtschaft.org\/fr\/ideen-fuer-forschungsarbeiten\/\" \/>\n<meta property=\"og:locale\" content=\"fr_FR\" \/>\n<meta property=\"og:type\" content=\"article\" \/>\n<meta property=\"og:title\" content=\"Ideen f\u00fcr Forschungsarbeiten - Permakultur-Landwirtschaft\" \/>\n<meta property=\"og:description\" content=\"Ideen f\u00fcr Forschungsarbeiten Hier sammeln wir Themenideen f\u00fcr Forschungsarbeiten rund um das Thema Permakultur-Landwirtschaft. Weitere Ideen und Hinweise auf bestehende Forschungsarbeiten nehmen wir gerne entgegen unter Kontakt. Idee f\u00fcr die Themensuche: Eine Publikationen suchen die man spannend findet und im Kapitel &#171;Fazit&#187; oder &#171;Diskussion&#187; nachlesen was in diesen Arbeit f\u00fcr weiterf\u00fchrende Forschung vorgeschlagen wird. Publikationen [&hellip;]\" \/>\n<meta property=\"og:url\" content=\"https:\/\/permakultur-landwirtschaft.org\/fr\/ideen-fuer-forschungsarbeiten\/\" \/>\n<meta property=\"og:site_name\" content=\"Permakultur-Landwirtschaft\" \/>\n<meta property=\"article:publisher\" content=\"https:\/\/www.facebook.com\/PermakulturLandwirtschaft\" \/>\n<meta property=\"article:modified_time\" content=\"2024-05-21T09:29:57+00:00\" \/>\n<meta property=\"og:image\" content=\"https:\/\/permakultur-landwirtschaft.org\/wp-content\/uploads\/2021\/11\/pela_1268x1269.png\" \/>\n\t<meta property=\"og:image:width\" content=\"1298\" \/>\n\t<meta property=\"og:image:height\" content=\"1269\" \/>\n\t<meta property=\"og:image:type\" content=\"image\/png\" \/>\n<meta name=\"twitter:card\" content=\"summary_large_image\" \/>\n<meta name=\"twitter:label1\" content=\"Dur\u00e9e de lecture estim\u00e9e\" \/>\n\t<meta name=\"twitter:data1\" content=\"1 minute\" \/>\n<script type=\"application\/ld+json\" class=\"yoast-schema-graph\">{\"@context\":\"https:\\\/\\\/schema.org\",\"@graph\":[{\"@type\":\"WebPage\",\"@id\":\"https:\\\/\\\/permakultur-landwirtschaft.org\\\/ideen-fuer-forschungsarbeiten\\\/\",\"url\":\"https:\\\/\\\/permakultur-landwirtschaft.org\\\/ideen-fuer-forschungsarbeiten\\\/\",\"name\":\"Ideen f\u00fcr Forschungsarbeiten - Permakultur-Landwirtschaft\",\"isPartOf\":{\"@id\":\"https:\\\/\\\/permakultur-landwirtschaft.org\\\/#website\"},\"datePublished\":\"2022-03-18T06:20:48+00:00\",\"dateModified\":\"2024-05-21T09:29:57+00:00\",\"breadcrumb\":{\"@id\":\"https:\\\/\\\/permakultur-landwirtschaft.org\\\/ideen-fuer-forschungsarbeiten\\\/#breadcrumb\"},\"inLanguage\":\"fr-FR\",\"potentialAction\":[{\"@type\":\"ReadAction\",\"target\":[\"https:\\\/\\\/permakultur-landwirtschaft.org\\\/ideen-fuer-forschungsarbeiten\\\/\"]}]},{\"@type\":\"BreadcrumbList\",\"@id\":\"https:\\\/\\\/permakultur-landwirtschaft.org\\\/ideen-fuer-forschungsarbeiten\\\/#breadcrumb\",\"itemListElement\":[{\"@type\":\"ListItem\",\"position\":1,\"name\":\"Startseite\",\"item\":\"https:\\\/\\\/permakultur-landwirtschaft.org\\\/\"},{\"@type\":\"ListItem\",\"position\":2,\"name\":\"Ideen f\u00fcr Forschungsarbeiten\"}]},{\"@type\":\"WebSite\",\"@id\":\"https:\\\/\\\/permakultur-landwirtschaft.org\\\/#website\",\"url\":\"https:\\\/\\\/permakultur-landwirtschaft.org\\\/\",\"name\":\"Permakultur-Landwirtschaft\",\"description\":\"F\u00f6rderung der Permakultur in der Landwirtschaft\",\"publisher\":{\"@id\":\"https:\\\/\\\/permakultur-landwirtschaft.org\\\/#organization\"},\"potentialAction\":[{\"@type\":\"SearchAction\",\"target\":{\"@type\":\"EntryPoint\",\"urlTemplate\":\"https:\\\/\\\/permakultur-landwirtschaft.org\\\/?s={search_term_string}\"},\"query-input\":{\"@type\":\"PropertyValueSpecification\",\"valueRequired\":true,\"valueName\":\"search_term_string\"}}],\"inLanguage\":\"fr-FR\"},{\"@type\":\"Organization\",\"@id\":\"https:\\\/\\\/permakultur-landwirtschaft.org\\\/#organization\",\"name\":\"Permakultur-Landwirtschaft\",\"alternateName\":\"Verein Permakultur-Landwirtschaft\",\"url\":\"https:\\\/\\\/permakultur-landwirtschaft.org\\\/\",\"logo\":{\"@type\":\"ImageObject\",\"inLanguage\":\"fr-FR\",\"@id\":\"https:\\\/\\\/permakultur-landwirtschaft.org\\\/#\\\/schema\\\/logo\\\/image\\\/\",\"url\":\"https:\\\/\\\/permakultur-landwirtschaft.org\\\/wp-content\\\/uploads\\\/2021\\\/11\\\/pela_1268x1269.png\",\"contentUrl\":\"https:\\\/\\\/permakultur-landwirtschaft.org\\\/wp-content\\\/uploads\\\/2021\\\/11\\\/pela_1268x1269.png\",\"width\":1298,\"height\":1269,\"caption\":\"Permakultur-Landwirtschaft\"},\"image\":{\"@id\":\"https:\\\/\\\/permakultur-landwirtschaft.org\\\/#\\\/schema\\\/logo\\\/image\\\/\"},\"sameAs\":[\"https:\\\/\\\/www.facebook.com\\\/PermakulturLandwirtschaft\",\"https:\\\/\\\/www.instagram.com\\\/permakultur_landwirtschaft\\\/\",\"https:\\\/\\\/www.flickr.com\\\/photos\\\/permakultur-landwirtschaft\",\"https:\\\/\\\/www.youtube.com\\\/@PermakulturLandwirtschaft\"]}]}<\/script>\n<!-- \/ Yoast SEO plugin. -->","yoast_head_json":{"title":"Ideen f\u00fcr Forschungsarbeiten - Permakultur-Landwirtschaft","robots":{"index":"index","follow":"follow","max-snippet":"max-snippet:-1","max-image-preview":"max-image-preview:large","max-video-preview":"max-video-preview:-1"},"canonical":"https:\/\/permakultur-landwirtschaft.org\/fr\/ideen-fuer-forschungsarbeiten\/","og_locale":"fr_FR","og_type":"article","og_title":"Ideen f\u00fcr Forschungsarbeiten - Permakultur-Landwirtschaft","og_description":"Ideen f\u00fcr Forschungsarbeiten Hier sammeln wir Themenideen f\u00fcr Forschungsarbeiten rund um das Thema Permakultur-Landwirtschaft. Weitere Ideen und Hinweise auf bestehende Forschungsarbeiten nehmen wir gerne entgegen unter Kontakt. Idee f\u00fcr die Themensuche: Eine Publikationen suchen die man spannend findet und im Kapitel &#171;Fazit&#187; oder &#171;Diskussion&#187; nachlesen was in diesen Arbeit f\u00fcr weiterf\u00fchrende Forschung vorgeschlagen wird. Publikationen [&hellip;]","og_url":"https:\/\/permakultur-landwirtschaft.org\/fr\/ideen-fuer-forschungsarbeiten\/","og_site_name":"Permakultur-Landwirtschaft","article_publisher":"https:\/\/www.facebook.com\/PermakulturLandwirtschaft","article_modified_time":"2024-05-21T09:29:57+00:00","og_image":[{"width":1298,"height":1269,"url":"https:\/\/permakultur-landwirtschaft.org\/wp-content\/uploads\/2021\/11\/pela_1268x1269.png","type":"image\/png"}],"twitter_card":"summary_large_image","twitter_misc":{"Dur\u00e9e de lecture estim\u00e9e":"1 minute"},"schema":{"@context":"https:\/\/schema.org","@graph":[{"@type":"WebPage","@id":"https:\/\/permakultur-landwirtschaft.org\/ideen-fuer-forschungsarbeiten\/","url":"https:\/\/permakultur-landwirtschaft.org\/ideen-fuer-forschungsarbeiten\/","name":"Ideen f\u00fcr Forschungsarbeiten - Permakultur-Landwirtschaft","isPartOf":{"@id":"https:\/\/permakultur-landwirtschaft.org\/#website"},"datePublished":"2022-03-18T06:20:48+00:00","dateModified":"2024-05-21T09:29:57+00:00","breadcrumb":{"@id":"https:\/\/permakultur-landwirtschaft.org\/ideen-fuer-forschungsarbeiten\/#breadcrumb"},"inLanguage":"fr-FR","potentialAction":[{"@type":"ReadAction","target":["https:\/\/permakultur-landwirtschaft.org\/ideen-fuer-forschungsarbeiten\/"]}]},{"@type":"BreadcrumbList","@id":"https:\/\/permakultur-landwirtschaft.org\/ideen-fuer-forschungsarbeiten\/#breadcrumb","itemListElement":[{"@type":"ListItem","position":1,"name":"Startseite","item":"https:\/\/permakultur-landwirtschaft.org\/"},{"@type":"ListItem","position":2,"name":"Ideen f\u00fcr Forschungsarbeiten"}]},{"@type":"WebSite","@id":"https:\/\/permakultur-landwirtschaft.org\/#website","url":"https:\/\/permakultur-landwirtschaft.org\/","name":"Permakultur-Landwirtschaft","description":"F\u00f6rderung der Permakultur in der Landwirtschaft","publisher":{"@id":"https:\/\/permakultur-landwirtschaft.org\/#organization"},"potentialAction":[{"@type":"SearchAction","target":{"@type":"EntryPoint","urlTemplate":"https:\/\/permakultur-landwirtschaft.org\/?s={search_term_string}"},"query-input":{"@type":"PropertyValueSpecification","valueRequired":true,"valueName":"search_term_string"}}],"inLanguage":"fr-FR"},{"@type":"Organization","@id":"https:\/\/permakultur-landwirtschaft.org\/#organization","name":"Permakultur-Landwirtschaft","alternateName":"Verein Permakultur-Landwirtschaft","url":"https:\/\/permakultur-landwirtschaft.org\/","logo":{"@type":"ImageObject","inLanguage":"fr-FR","@id":"https:\/\/permakultur-landwirtschaft.org\/#\/schema\/logo\/image\/","url":"https:\/\/permakultur-landwirtschaft.org\/wp-content\/uploads\/2021\/11\/pela_1268x1269.png","contentUrl":"https:\/\/permakultur-landwirtschaft.org\/wp-content\/uploads\/2021\/11\/pela_1268x1269.png","width":1298,"height":1269,"caption":"Permakultur-Landwirtschaft"},"image":{"@id":"https:\/\/permakultur-landwirtschaft.org\/#\/schema\/logo\/image\/"},"sameAs":["https:\/\/www.facebook.com\/PermakulturLandwirtschaft","https:\/\/www.instagram.com\/permakultur_landwirtschaft\/","https:\/\/www.flickr.com\/photos\/permakultur-landwirtschaft","https:\/\/www.youtube.com\/@PermakulturLandwirtschaft"]}]}},"_links":{"self":[{"href":"https:\/\/permakultur-landwirtschaft.org\/fr\/wp-json\/wp\/v2\/pages\/18637","targetHints":{"allow":["GET"]}}],"collection":[{"href":"https:\/\/permakultur-landwirtschaft.org\/fr\/wp-json\/wp\/v2\/pages"}],"about":[{"href":"https:\/\/permakultur-landwirtschaft.org\/fr\/wp-json\/wp\/v2\/types\/page"}],"author":[{"embeddable":true,"href":"https:\/\/permakultur-landwirtschaft.org\/fr\/wp-json\/wp\/v2\/users\/2"}],"replies":[{"embeddable":true,"href":"https:\/\/permakultur-landwirtschaft.org\/fr\/wp-json\/wp\/v2\/comments?post=18637"}],"version-history":[{"count":42,"href":"https:\/\/permakultur-landwirtschaft.org\/fr\/wp-json\/wp\/v2\/pages\/18637\/revisions"}],"predecessor-version":[{"id":34810,"href":"https:\/\/permakultur-landwirtschaft.org\/fr\/wp-json\/wp\/v2\/pages\/18637\/revisions\/34810"}],"wp:attachment":[{"href":"https:\/\/permakultur-landwirtschaft.org\/fr\/wp-json\/wp\/v2\/media?parent=18637"}],"curies":[{"name":"wp","href":"https:\/\/api.w.org\/{rel}","templated":true}]}}