{"id":17852,"date":"2022-02-04T17:16:22","date_gmt":"2022-02-04T16:16:22","guid":{"rendered":"https:\/\/permakultur-landwirtschaft.org\/?page_id=17852"},"modified":"2026-03-12T16:47:21","modified_gmt":"2026-03-12T15:47:21","slug":"techniken","status":"publish","type":"page","link":"https:\/\/permakultur-landwirtschaft.org\/fr\/techniken\/","title":{"rendered":"Techniques agricoles et machines"},"content":{"rendered":"<div data-elementor-type=\"wp-page\" data-elementor-id=\"17852\" class=\"elementor elementor-17852\" data-elementor-post-type=\"page\">\n\t\t\t\t<div class=\"elementor-element elementor-element-1c5bc3c e-flex e-con-boxed e-con e-parent\" data-id=\"1c5bc3c\" data-element_type=\"container\" data-e-type=\"container\">\n\t\t\t\t\t<div class=\"e-con-inner\">\n\t\t<div class=\"elementor-element elementor-element-dd845ed e-con-full e-flex e-con e-child\" data-id=\"dd845ed\" data-element_type=\"container\" data-e-type=\"container\">\n\t\t\t\t<div class=\"elementor-element elementor-element-9eaa19c elementor-widget elementor-widget-heading\" data-id=\"9eaa19c\" data-element_type=\"widget\" data-e-type=\"widget\" data-widget_type=\"heading.default\">\n\t\t\t\t<div class=\"elementor-widget-container\">\n\t\t\t\t\t<h1 class=\"elementor-heading-title elementor-size-default\">Techniques agricoles et machines<\/h1>\t\t\t\t<\/div>\n\t\t\t\t<\/div>\n\t\t\t\t<div class=\"elementor-element elementor-element-c4f999a elementor-align-left elementor-widget elementor-widget-global elementor-global-31837 elementor-widget-post-info\" data-id=\"c4f999a\" data-element_type=\"widget\" data-e-type=\"widget\" data-widget_type=\"post-info.default\">\n\t\t\t\t<div class=\"elementor-widget-container\">\n\t\t\t\t\t\t\t<ul class=\"elementor-inline-items elementor-icon-list-items elementor-post-info\">\n\t\t\t\t\t\t\t\t<li class=\"elementor-icon-list-item elementor-repeater-item-b86257f elementor-inline-item\">\n\t\t\t\t\t\t\t\t\t\t\t\t\t<span class=\"elementor-icon-list-text elementor-post-info__item elementor-post-info__item--type-custom\">\n\t\t\t\t\t\t\t\t\t\tDerni\u00e8re mise \u00e0 jour\t\t\t\t\t<\/span>\n\t\t\t\t\t\t\t\t<\/li>\n\t\t\t\t<li class=\"elementor-icon-list-item elementor-repeater-item-94e5de7 elementor-inline-item\">\n\t\t\t\t\t\t\t\t\t\t\t\t\t<span class=\"elementor-icon-list-text elementor-post-info__item elementor-post-info__item--type-custom\">\n\t\t\t\t\t\t\t\t\t\t12. mars 2026\t\t\t\t\t<\/span>\n\t\t\t\t\t\t\t\t<\/li>\n\t\t\t\t<\/ul>\n\t\t\t\t\t\t<\/div>\n\t\t\t\t<\/div>\n\t\t\t\t<div class=\"elementor-element elementor-element-d58e9d1 elementor-widget elementor-widget-text-editor\" data-id=\"d58e9d1\" data-element_type=\"widget\" data-e-type=\"widget\" data-widget_type=\"text-editor.default\">\n\t\t\t\t<div class=\"elementor-widget-container\">\n\t\t\t\t\t\t\t\t\t<p>Nous rassemblons ici des m\u00e9thodes, techniques, outils et machines agricoles int\u00e9ressants sous forme de mots-cl\u00e9s. Vous trouverez parfois des produits correspondants \u00e0 titre d'exemple. La liste est en cours d'\u00e9laboration et n'est pas exhaustive. Vous trouverez d'autres r\u00e9f\u00e9rences int\u00e9ressantes sous <a href=\"https:\/\/permakultur-landwirtschaft.org\/fr\/links\/\" data-type=\"page\" data-id=\"2351\">Liens<\/a> . Vous trouverez \u00e9galement d'autres informations int\u00e9ressantes sous <a href=\"https:\/\/permakultur-landwirtschaft.org\/fr\/unterlagen\/\">Documentation et outils de travail.<\/a> gibt es weitere spannende Infos.<\/p>\t\t\t\t\t\t\t\t<\/div>\n\t\t\t\t<\/div>\n\t\t\t\t<div class=\"elementor-element elementor-element-b90c345 elementor-widget elementor-widget-n-accordion\" data-id=\"b90c345\" data-element_type=\"widget\" data-e-type=\"widget\" data-settings=\"{&quot;default_state&quot;:&quot;all_collapsed&quot;,&quot;max_items_expended&quot;:&quot;one&quot;,&quot;n_accordion_animation_duration&quot;:{&quot;unit&quot;:&quot;ms&quot;,&quot;size&quot;:400,&quot;sizes&quot;:[]}}\" data-widget_type=\"nested-accordion.default\">\n\t\t\t\t<div class=\"elementor-widget-container\">\n\t\t\t\t\t\t\t<div class=\"e-n-accordion\" aria-label=\"Accordion. Open links with Enter or Space, close with Escape, and navigate with Arrow Keys\">\n\t\t\t\t\t\t<details id=\"e-n-accordion-item-1940\" class=\"e-n-accordion-item\" >\n\t\t\t\t<summary class=\"e-n-accordion-item-title\" data-accordion-index=\"1\" tabindex=\"0\" aria-expanded=\"false\" aria-controls=\"e-n-accordion-item-1940\" >\n\t\t\t\t\t<span class='e-n-accordion-item-title-header'><div class=\"e-n-accordion-item-title-text\"> Autres collections et listes de techniques et d'appareils int\u00e9ressants <\/div><\/span>\n\t\t\t\t\t\t\t<span class='e-n-accordion-item-title-icon'>\n\t\t\t<span class='e-opened' ><svg aria-hidden=\"true\" class=\"e-font-icon-svg e-fas-minus\" viewbox=\"0 0 448 512\" xmlns=\"http:\/\/www.w3.org\/2000\/svg\"><path d=\"M416 208H32c-17.67 0-32 14.33-32 32v32c0 17.67 14.33 32 32 32h384c17.67 0 32-14.33 32-32v-32c0-17.67-14.33-32-32-32z\"><\/path><\/svg><\/span>\n\t\t\t<span class='e-closed'><svg aria-hidden=\"true\" class=\"e-font-icon-svg e-fas-plus\" viewbox=\"0 0 448 512\" xmlns=\"http:\/\/www.w3.org\/2000\/svg\"><path d=\"M416 208H272V64c0-17.67-14.33-32-32-32h-32c-17.67 0-32 14.33-32 32v144H32c-17.67 0-32 14.33-32 32v32c0 17.67 14.33 32 32 32h144v144c0 17.67 14.33 32 32 32h32c17.67 0 32-14.33 32-32V304h144c17.67 0 32-14.33 32-32v-32c0-17.67-14.33-32-32-32z\"><\/path><\/svg><\/span>\n\t\t<\/span>\n\n\t\t\t\t\t\t<\/summary>\n\t\t\t\t<div role=\"region\" aria-labelledby=\"e-n-accordion-item-1940\" class=\"elementor-element elementor-element-dfc1d6d e-con-full e-flex e-con e-child\" data-id=\"dfc1d6d\" data-element_type=\"container\" data-e-type=\"container\">\n\t\t\t\t<div class=\"elementor-element elementor-element-40620b6 elementor-widget elementor-widget-text-editor\" data-id=\"40620b6\" data-element_type=\"widget\" data-e-type=\"widget\" data-widget_type=\"text-editor.default\">\n\t\t\t\t<div class=\"elementor-widget-container\">\n\t\t\t\t\t\t\t\t\t<ul>\n<li><a href=\"https:\/\/www.wocat.net\/en\/global-slm-database\" target=\"_blank\" rel=\"noreferrer noopener\">WOCAT<\/a> (aper\u00e7u mondial des approches et des technologies de conservation) a rassembl\u00e9 une collection de plus de 1500 m\u00e9thodes de gestion durable des terres du monde entier (english, fran\u00e7ais, etc.).<\/li>\n<\/ul>\t\t\t\t\t\t\t\t<\/div>\n\t\t\t\t<\/div>\n\t\t\t\t<\/div>\n\t\t\t\t\t<\/details>\n\t\t\t\t\t<\/div>\n\t\t\t\t\t\t<\/div>\n\t\t\t\t<\/div>\n\t\t\t\t<div class=\"elementor-element elementor-element-3c8fe7d elementor-widget elementor-widget-heading\" data-id=\"3c8fe7d\" data-element_type=\"widget\" data-e-type=\"widget\" data-widget_type=\"heading.default\">\n\t\t\t\t<div class=\"elementor-widget-container\">\n\t\t\t\t\t<h2 class=\"elementor-heading-title elementor-size-default\">Techniques agricoles<\/h2>\t\t\t\t<\/div>\n\t\t\t\t<\/div>\n\t\t\t\t<div class=\"elementor-element elementor-element-96fda34 elementor-widget elementor-widget-text-editor\" data-id=\"96fda34\" data-element_type=\"widget\" data-e-type=\"widget\" data-widget_type=\"text-editor.default\">\n\t\t\t\t<div class=\"elementor-widget-container\">\n\t\t\t\t\t\t\t\t\t<ul>\n<li>Agroforesterie\n<ul>\n<li>Agroforesterie syntropique -\u00a0<a href=\"https:\/\/permakultur-landwirtschaft.org\/fr\/syntropischer-agroforst-wie-funktioniert-das-system-einfuehrung-von-ursula-arztmann\/\">Introduction \u00e0 l'agroforesterie syntropique (allemand)<\/a><\/li>\n<\/ul>\n<\/li>\n<li>Barrages de castors artificiels pour la gestion de l'eau (Beaver Dam Analogs \u2013 BDA)<br \/>\n<ul>\n<li><a href=\"https:\/\/horbermatt.ch\/unsere-dienstleistungen\/vielfalt-geben-vielfalt-erleben.html\" target=\"_blank\" rel=\"noopener\">Informations sur un projet BDA<\/a><\/li>\n<li><a href=\"https:\/\/permakultur-landwirtschaft.org\/fr\/zu-trocken-zu-dicht-schweizer-boeden-brauchen-hilfe-beitrag-vom-23-november-2023\/\">Une contribution au th\u00e8me BDA<\/a><\/li>\n<\/ul>\n<\/li>\n<li>Micro-organismes efficaces EM, <a href=\"https:\/\/www.em-schweiz.ch\/\" target=\"_blank\" rel=\"noreferrer noopener\">EM Suisse<\/a><\/li>\n<li>Voies fixes \u00e0 v\u00e9g\u00e9tation permanente<\/li>\n<li>Keyline Design (d'apr\u00e8s P. A. Yeomans, 1954) (charrue Yeomans) permet un guidage cibl\u00e9 et la p\u00e9n\u00e9tration de l'eau dans le sol.\n<ul>\n<li><a href=\"https:\/\/permakultur-landwirtschaft.org\/fr\/keyline-design-wassermanagement-agroforst-auf-dem-katzhof-anpassung-an-den-klimawandel-fibl-film-vom-18-november-2023\/\">Keyline Design &amp; gestion de l'eau &amp; agroforesterie au Katzhof<\/a><\/li>\n<li><a href=\"https:\/\/baumfeldwirtschaft.de\/keyline-design\/\" target=\"_blank\" rel=\"noreferrer noopener\">baumfeldwirtschaft.de\/keyline-design<\/a><\/li>\n<li><a href=\"https:\/\/permakulturblog.de\/keyline-design\/\" target=\"_blank\" rel=\"noopener\">permakulturblog.de\/keyline-design<\/a><\/li>\n<li><a href=\"http:\/\/www.keyline.com.au\/\" target=\"_blank\" rel=\"noreferrer noopener\">www.keyline.com.au<\/a> (en anglais)<\/li>\n<\/ul>\n<\/li>\n<li>Compost, th\u00e9 de compost, <a href=\"https:\/\/edapro.ch\/fr\/\" target=\"_blank\" rel=\"noreferrer noopener\">Edapro<\/a><\/li>\n<li>Lebensr\u00e4ume (z.B. ungepflegte Ecken, B\u00fcsche, Hecken, Baumgruppen, Steinhaufen, Trockenmauern, Baumst\u00fcmpfe, Brennnesselfluren)<\/li>\n<li>Cultures p\u00e9rennes<\/li>\n<li>Travail minimal du sol, Travail r\u00e9g\u00e9n\u00e9ratif du sol<\/li>\n<li>Cultures mixtes<\/li>\n<li>Paillis, <a href=\"https:\/\/live2give.info\/die-anbautechnik\/#mulchtec_planter\" target=\"_blank\" rel=\"noreferrer noopener\">Mulchtec-Planter<\/a>, <a href=\"https:\/\/www.bioactualites.ch\/cultures\/maraichage-bio\/plein-champ\/film-mulchtec-planter-fr\" target=\"_blank\" rel=\"noreferrer noopener\">Bioactualit\u00e9s sur le Mulchtec-Planter<\/a><\/li>\n<li>Charbon v\u00e9g\u00e9tal\n<ul>\n<li><a href=\"https:\/\/permakultur-landwirtschaft.org\/fr\/mobile-pyrolyse-anlage-generator-carbon-kommt-zu-deinem-anlass\/\" target=\"_blank\" rel=\"noopener\">Mobile Pyrolyse Anlage \u2013 Generator Carbon kommt zu Deinem Anlass<\/a><\/li>\n<\/ul>\n<\/li>\n<li>Bassins de r\u00e9tention (r\u00e9servoirs d'eau, \u00e9tangs)<\/li>\n<li>Swale (canal de captage d'eau)<\/li>\n<li>Sous-semis<\/li>\n<\/ul>\n<p><!-- \/wp:list --><!-- wp:paragraph --><\/p>\t\t\t\t\t\t\t\t<\/div>\n\t\t\t\t<\/div>\n\t\t\t\t<div class=\"elementor-element elementor-element-7f919e5 elementor-widget elementor-widget-heading\" data-id=\"7f919e5\" data-element_type=\"widget\" data-e-type=\"widget\" data-widget_type=\"heading.default\">\n\t\t\t\t<div class=\"elementor-widget-container\">\n\t\t\t\t\t<h2 class=\"elementor-heading-title elementor-size-default\">Mat\u00e9riel agricole et machines<\/h2>\t\t\t\t<\/div>\n\t\t\t\t<\/div>\n\t\t\t\t<div class=\"elementor-element elementor-element-ce346b7 elementor-widget elementor-widget-text-editor\" data-id=\"ce346b7\" data-element_type=\"widget\" data-e-type=\"widget\" data-widget_type=\"text-editor.default\">\n\t\t\t\t<div class=\"elementor-widget-container\">\n\t\t\t\t\t\t\t\t\t<ul>\n<li><a href=\"https:\/\/www.rath-maschinen.com\/en\/geohobel.html\" target=\"_blank\" rel=\"noreferrer noopener\">Geohobel<\/a><\/li>\n<li><a href=\"https:\/\/live2give.info\/die-anbautechnik\/#mulchtec_planter\" target=\"_blank\" rel=\"noreferrer noopener\">Mulchtec-Planter<\/a>, <a href=\"https:\/\/www.bioactualites.ch\/cultures\/maraichage-bio\/plein-champ\/film-mulchtec-planter-fr\" target=\"_blank\" rel=\"noreferrer noopener\">Bioactualit\u00e9s sur le Mulchtec-Planter<\/a><\/li>\n<li><a href=\"https:\/\/www.raptrac.ch\/\" target=\"_blank\" rel=\"noopener\">Raptrac<\/a><\/li>\n<li><a href=\"https:\/\/www.rhenustek.ch\/produkte\/\" target=\"_blank\" rel=\"noopener\">Tree Line Preparer von RhenusTEK<\/a><\/li>\n<\/ul>\t\t\t\t\t\t\t\t<\/div>\n\t\t\t\t<\/div>\n\t\t\t\t<\/div>\n\t\t\t\t\t<\/div>\n\t\t\t\t<\/div>\n\t\t\t\t<\/div>","protected":false},"excerpt":{"rendered":"<p>Landwirtschaftliche Techniken und Ger\u00e4te Hier sammeln wir interessante landwirtschaftliche Methoden, Techniken, Ger\u00e4te und Maschinen als Stichworte. Teilweise finden Sie dazu beispielhaft passende Produkte. Die Liste ist im Aufbau und nicht abschliessend. Weitere interessante Hinweise sind unter Links zu finden. Auch unter Unterlagen und Arbeitshilfen gibt es weitere spannende Infos. Weitere Sammlungen und Listen mit interessanten [&hellip;]<\/p>\n","protected":false},"author":2,"featured_media":33912,"parent":0,"menu_order":0,"comment_status":"closed","ping_status":"closed","template":"","meta":{"_acf_changed":false,"site-sidebar-layout":"default","site-content-layout":"","ast-site-content-layout":"default","site-content-style":"default","site-sidebar-style":"default","ast-global-header-display":"","ast-banner-title-visibility":"","ast-main-header-display":"","ast-hfb-above-header-display":"","ast-hfb-below-header-display":"","ast-hfb-mobile-header-display":"","site-post-title":"","ast-breadcrumbs-content":"","ast-featured-img":"","footer-sml-layout":"","ast-disable-related-posts":"","theme-transparent-header-meta":"","adv-header-id-meta":"","stick-header-meta":"","header-above-stick-meta":"","header-main-stick-meta":"","header-below-stick-meta":"","astra-migrate-meta-layouts":"set","ast-page-background-enabled":"default","ast-page-background-meta":{"desktop":{"background-color":"var(--ast-global-color-4)","background-image":"","background-repeat":"repeat","background-position":"center center","background-size":"auto","background-attachment":"scroll","background-type":"","background-media":"","overlay-type":"","overlay-color":"","overlay-opacity":"","overlay-gradient":""},"tablet":{"background-color":"","background-image":"","background-repeat":"repeat","background-position":"center center","background-size":"auto","background-attachment":"scroll","background-type":"","background-media":"","overlay-type":"","overlay-color":"","overlay-opacity":"","overlay-gradient":""},"mobile":{"background-color":"","background-image":"","background-repeat":"repeat","background-position":"center center","background-size":"auto","background-attachment":"scroll","background-type":"","background-media":"","overlay-type":"","overlay-color":"","overlay-opacity":"","overlay-gradient":""}},"ast-content-background-meta":{"desktop":{"background-color":"var(--ast-global-color-5)","background-image":"","background-repeat":"repeat","background-position":"center center","background-size":"auto","background-attachment":"scroll","background-type":"","background-media":"","overlay-type":"","overlay-color":"","overlay-opacity":"","overlay-gradient":""},"tablet":{"background-color":"var(--ast-global-color-5)","background-image":"","background-repeat":"repeat","background-position":"center center","background-size":"auto","background-attachment":"scroll","background-type":"","background-media":"","overlay-type":"","overlay-color":"","overlay-opacity":"","overlay-gradient":""},"mobile":{"background-color":"var(--ast-global-color-5)","background-image":"","background-repeat":"repeat","background-position":"center center","background-size":"auto","background-attachment":"scroll","background-type":"","background-media":"","overlay-type":"","overlay-color":"","overlay-opacity":"","overlay-gradient":""}},"footnotes":""},"class_list":["post-17852","page","type-page","status-publish","has-post-thumbnail","hentry"],"acf":[],"yoast_head":"<!-- This site is optimized with the Yoast SEO plugin v27.5 - https:\/\/yoast.com\/product\/yoast-seo-wordpress\/ -->\n<title>Landwirtschaftliche Techniken und Ger\u00e4te - Permakultur-Landwirtschaft<\/title>\n<meta name=\"description\" content=\"Hier sammeln wir interessante landwirtschaftliche Methoden, Techniken, Ger\u00e4te und Maschinen. Teilweise finden Sie dazu beispielhaft Produkte.\" \/>\n<meta name=\"robots\" content=\"index, follow, max-snippet:-1, max-image-preview:large, max-video-preview:-1\" \/>\n<link rel=\"canonical\" href=\"https:\/\/permakultur-landwirtschaft.org\/fr\/techniken\/\" \/>\n<meta property=\"og:locale\" content=\"fr_FR\" \/>\n<meta property=\"og:type\" content=\"article\" \/>\n<meta property=\"og:title\" content=\"Landwirtschaftliche Techniken und Ger\u00e4te - Permakultur-Landwirtschaft\" \/>\n<meta property=\"og:description\" content=\"Hier sammeln wir interessante landwirtschaftliche Methoden, Techniken, Ger\u00e4te und Maschinen. Teilweise finden Sie dazu beispielhaft Produkte.\" \/>\n<meta property=\"og:url\" content=\"https:\/\/permakultur-landwirtschaft.org\/fr\/techniken\/\" \/>\n<meta property=\"og:site_name\" content=\"Permakultur-Landwirtschaft\" \/>\n<meta property=\"article:publisher\" content=\"https:\/\/www.facebook.com\/PermakulturLandwirtschaft\" \/>\n<meta property=\"article:modified_time\" content=\"2026-03-12T15:47:21+00:00\" \/>\n<meta property=\"og:image\" content=\"https:\/\/permakultur-landwirtschaft.org\/wp-content\/uploads\/2024\/03\/2023_keyline_auf_-Waldpferdehof_2024-03-12_09-39-27.jpg\" \/>\n\t<meta property=\"og:image:width\" content=\"700\" \/>\n\t<meta property=\"og:image:height\" content=\"393\" \/>\n\t<meta property=\"og:image:type\" content=\"image\/jpeg\" \/>\n<meta name=\"twitter:card\" content=\"summary_large_image\" \/>\n<meta name=\"twitter:label1\" content=\"Dur\u00e9e de lecture estim\u00e9e\" \/>\n\t<meta name=\"twitter:data1\" content=\"2 minutes\" \/>\n<script type=\"application\/ld+json\" class=\"yoast-schema-graph\">{\"@context\":\"https:\\\/\\\/schema.org\",\"@graph\":[{\"@type\":\"WebPage\",\"@id\":\"https:\\\/\\\/permakultur-landwirtschaft.org\\\/techniken\\\/\",\"url\":\"https:\\\/\\\/permakultur-landwirtschaft.org\\\/techniken\\\/\",\"name\":\"Landwirtschaftliche Techniken und Ger\u00e4te - Permakultur-Landwirtschaft\",\"isPartOf\":{\"@id\":\"https:\\\/\\\/permakultur-landwirtschaft.org\\\/#website\"},\"primaryImageOfPage\":{\"@id\":\"https:\\\/\\\/permakultur-landwirtschaft.org\\\/techniken\\\/#primaryimage\"},\"image\":{\"@id\":\"https:\\\/\\\/permakultur-landwirtschaft.org\\\/techniken\\\/#primaryimage\"},\"thumbnailUrl\":\"https:\\\/\\\/permakultur-landwirtschaft.org\\\/wp-content\\\/uploads\\\/2024\\\/03\\\/2023_keyline_auf_-Waldpferdehof_2024-03-12_09-39-27.jpg\",\"datePublished\":\"2022-02-04T16:16:22+00:00\",\"dateModified\":\"2026-03-12T15:47:21+00:00\",\"description\":\"Hier sammeln wir interessante landwirtschaftliche Methoden, Techniken, Ger\u00e4te und Maschinen. Teilweise finden Sie dazu beispielhaft Produkte.\",\"breadcrumb\":{\"@id\":\"https:\\\/\\\/permakultur-landwirtschaft.org\\\/techniken\\\/#breadcrumb\"},\"inLanguage\":\"fr-FR\",\"potentialAction\":[{\"@type\":\"ReadAction\",\"target\":[\"https:\\\/\\\/permakultur-landwirtschaft.org\\\/techniken\\\/\"]}]},{\"@type\":\"ImageObject\",\"inLanguage\":\"fr-FR\",\"@id\":\"https:\\\/\\\/permakultur-landwirtschaft.org\\\/techniken\\\/#primaryimage\",\"url\":\"https:\\\/\\\/permakultur-landwirtschaft.org\\\/wp-content\\\/uploads\\\/2024\\\/03\\\/2023_keyline_auf_-Waldpferdehof_2024-03-12_09-39-27.jpg\",\"contentUrl\":\"https:\\\/\\\/permakultur-landwirtschaft.org\\\/wp-content\\\/uploads\\\/2024\\\/03\\\/2023_keyline_auf_-Waldpferdehof_2024-03-12_09-39-27.jpg\",\"width\":700,\"height\":393,\"caption\":\"Bild: youtube\"},{\"@type\":\"BreadcrumbList\",\"@id\":\"https:\\\/\\\/permakultur-landwirtschaft.org\\\/techniken\\\/#breadcrumb\",\"itemListElement\":[{\"@type\":\"ListItem\",\"position\":1,\"name\":\"Startseite\",\"item\":\"https:\\\/\\\/permakultur-landwirtschaft.org\\\/\"},{\"@type\":\"ListItem\",\"position\":2,\"name\":\"Landwirtschaftliche Techniken und Ger\u00e4te\"}]},{\"@type\":\"WebSite\",\"@id\":\"https:\\\/\\\/permakultur-landwirtschaft.org\\\/#website\",\"url\":\"https:\\\/\\\/permakultur-landwirtschaft.org\\\/\",\"name\":\"Permakultur-Landwirtschaft\",\"description\":\"F\u00f6rderung der Permakultur in der Landwirtschaft\",\"publisher\":{\"@id\":\"https:\\\/\\\/permakultur-landwirtschaft.org\\\/#organization\"},\"potentialAction\":[{\"@type\":\"SearchAction\",\"target\":{\"@type\":\"EntryPoint\",\"urlTemplate\":\"https:\\\/\\\/permakultur-landwirtschaft.org\\\/?s={search_term_string}\"},\"query-input\":{\"@type\":\"PropertyValueSpecification\",\"valueRequired\":true,\"valueName\":\"search_term_string\"}}],\"inLanguage\":\"fr-FR\"},{\"@type\":\"Organization\",\"@id\":\"https:\\\/\\\/permakultur-landwirtschaft.org\\\/#organization\",\"name\":\"Permakultur-Landwirtschaft\",\"alternateName\":\"Verein Permakultur-Landwirtschaft\",\"url\":\"https:\\\/\\\/permakultur-landwirtschaft.org\\\/\",\"logo\":{\"@type\":\"ImageObject\",\"inLanguage\":\"fr-FR\",\"@id\":\"https:\\\/\\\/permakultur-landwirtschaft.org\\\/#\\\/schema\\\/logo\\\/image\\\/\",\"url\":\"https:\\\/\\\/permakultur-landwirtschaft.org\\\/wp-content\\\/uploads\\\/2021\\\/11\\\/pela_1268x1269.png\",\"contentUrl\":\"https:\\\/\\\/permakultur-landwirtschaft.org\\\/wp-content\\\/uploads\\\/2021\\\/11\\\/pela_1268x1269.png\",\"width\":1298,\"height\":1269,\"caption\":\"Permakultur-Landwirtschaft\"},\"image\":{\"@id\":\"https:\\\/\\\/permakultur-landwirtschaft.org\\\/#\\\/schema\\\/logo\\\/image\\\/\"},\"sameAs\":[\"https:\\\/\\\/www.facebook.com\\\/PermakulturLandwirtschaft\",\"https:\\\/\\\/www.instagram.com\\\/permakultur_landwirtschaft\\\/\",\"https:\\\/\\\/www.flickr.com\\\/photos\\\/permakultur-landwirtschaft\",\"https:\\\/\\\/www.youtube.com\\\/@PermakulturLandwirtschaft\"]}]}<\/script>\n<!-- \/ Yoast SEO plugin. -->","yoast_head_json":{"title":"Landwirtschaftliche Techniken und Ger\u00e4te - Permakultur-Landwirtschaft","description":"Hier sammeln wir interessante landwirtschaftliche Methoden, Techniken, Ger\u00e4te und Maschinen. Teilweise finden Sie dazu beispielhaft Produkte.","robots":{"index":"index","follow":"follow","max-snippet":"max-snippet:-1","max-image-preview":"max-image-preview:large","max-video-preview":"max-video-preview:-1"},"canonical":"https:\/\/permakultur-landwirtschaft.org\/fr\/techniken\/","og_locale":"fr_FR","og_type":"article","og_title":"Landwirtschaftliche Techniken und Ger\u00e4te - Permakultur-Landwirtschaft","og_description":"Hier sammeln wir interessante landwirtschaftliche Methoden, Techniken, Ger\u00e4te und Maschinen. Teilweise finden Sie dazu beispielhaft Produkte.","og_url":"https:\/\/permakultur-landwirtschaft.org\/fr\/techniken\/","og_site_name":"Permakultur-Landwirtschaft","article_publisher":"https:\/\/www.facebook.com\/PermakulturLandwirtschaft","article_modified_time":"2026-03-12T15:47:21+00:00","og_image":[{"width":700,"height":393,"url":"https:\/\/permakultur-landwirtschaft.org\/wp-content\/uploads\/2024\/03\/2023_keyline_auf_-Waldpferdehof_2024-03-12_09-39-27.jpg","type":"image\/jpeg"}],"twitter_card":"summary_large_image","twitter_misc":{"Dur\u00e9e de lecture estim\u00e9e":"2 minutes"},"schema":{"@context":"https:\/\/schema.org","@graph":[{"@type":"WebPage","@id":"https:\/\/permakultur-landwirtschaft.org\/techniken\/","url":"https:\/\/permakultur-landwirtschaft.org\/techniken\/","name":"Landwirtschaftliche Techniken und Ger\u00e4te - Permakultur-Landwirtschaft","isPartOf":{"@id":"https:\/\/permakultur-landwirtschaft.org\/#website"},"primaryImageOfPage":{"@id":"https:\/\/permakultur-landwirtschaft.org\/techniken\/#primaryimage"},"image":{"@id":"https:\/\/permakultur-landwirtschaft.org\/techniken\/#primaryimage"},"thumbnailUrl":"https:\/\/permakultur-landwirtschaft.org\/wp-content\/uploads\/2024\/03\/2023_keyline_auf_-Waldpferdehof_2024-03-12_09-39-27.jpg","datePublished":"2022-02-04T16:16:22+00:00","dateModified":"2026-03-12T15:47:21+00:00","description":"Hier sammeln wir interessante landwirtschaftliche Methoden, Techniken, Ger\u00e4te und Maschinen. Teilweise finden Sie dazu beispielhaft Produkte.","breadcrumb":{"@id":"https:\/\/permakultur-landwirtschaft.org\/techniken\/#breadcrumb"},"inLanguage":"fr-FR","potentialAction":[{"@type":"ReadAction","target":["https:\/\/permakultur-landwirtschaft.org\/techniken\/"]}]},{"@type":"ImageObject","inLanguage":"fr-FR","@id":"https:\/\/permakultur-landwirtschaft.org\/techniken\/#primaryimage","url":"https:\/\/permakultur-landwirtschaft.org\/wp-content\/uploads\/2024\/03\/2023_keyline_auf_-Waldpferdehof_2024-03-12_09-39-27.jpg","contentUrl":"https:\/\/permakultur-landwirtschaft.org\/wp-content\/uploads\/2024\/03\/2023_keyline_auf_-Waldpferdehof_2024-03-12_09-39-27.jpg","width":700,"height":393,"caption":"Bild: youtube"},{"@type":"BreadcrumbList","@id":"https:\/\/permakultur-landwirtschaft.org\/techniken\/#breadcrumb","itemListElement":[{"@type":"ListItem","position":1,"name":"Startseite","item":"https:\/\/permakultur-landwirtschaft.org\/"},{"@type":"ListItem","position":2,"name":"Landwirtschaftliche Techniken und Ger\u00e4te"}]},{"@type":"WebSite","@id":"https:\/\/permakultur-landwirtschaft.org\/#website","url":"https:\/\/permakultur-landwirtschaft.org\/","name":"Permakultur-Landwirtschaft","description":"F\u00f6rderung der Permakultur in der Landwirtschaft","publisher":{"@id":"https:\/\/permakultur-landwirtschaft.org\/#organization"},"potentialAction":[{"@type":"SearchAction","target":{"@type":"EntryPoint","urlTemplate":"https:\/\/permakultur-landwirtschaft.org\/?s={search_term_string}"},"query-input":{"@type":"PropertyValueSpecification","valueRequired":true,"valueName":"search_term_string"}}],"inLanguage":"fr-FR"},{"@type":"Organization","@id":"https:\/\/permakultur-landwirtschaft.org\/#organization","name":"Permakultur-Landwirtschaft","alternateName":"Verein Permakultur-Landwirtschaft","url":"https:\/\/permakultur-landwirtschaft.org\/","logo":{"@type":"ImageObject","inLanguage":"fr-FR","@id":"https:\/\/permakultur-landwirtschaft.org\/#\/schema\/logo\/image\/","url":"https:\/\/permakultur-landwirtschaft.org\/wp-content\/uploads\/2021\/11\/pela_1268x1269.png","contentUrl":"https:\/\/permakultur-landwirtschaft.org\/wp-content\/uploads\/2021\/11\/pela_1268x1269.png","width":1298,"height":1269,"caption":"Permakultur-Landwirtschaft"},"image":{"@id":"https:\/\/permakultur-landwirtschaft.org\/#\/schema\/logo\/image\/"},"sameAs":["https:\/\/www.facebook.com\/PermakulturLandwirtschaft","https:\/\/www.instagram.com\/permakultur_landwirtschaft\/","https:\/\/www.flickr.com\/photos\/permakultur-landwirtschaft","https:\/\/www.youtube.com\/@PermakulturLandwirtschaft"]}]}},"_links":{"self":[{"href":"https:\/\/permakultur-landwirtschaft.org\/fr\/wp-json\/wp\/v2\/pages\/17852","targetHints":{"allow":["GET"]}}],"collection":[{"href":"https:\/\/permakultur-landwirtschaft.org\/fr\/wp-json\/wp\/v2\/pages"}],"about":[{"href":"https:\/\/permakultur-landwirtschaft.org\/fr\/wp-json\/wp\/v2\/types\/page"}],"author":[{"embeddable":true,"href":"https:\/\/permakultur-landwirtschaft.org\/fr\/wp-json\/wp\/v2\/users\/2"}],"replies":[{"embeddable":true,"href":"https:\/\/permakultur-landwirtschaft.org\/fr\/wp-json\/wp\/v2\/comments?post=17852"}],"version-history":[{"count":70,"href":"https:\/\/permakultur-landwirtschaft.org\/fr\/wp-json\/wp\/v2\/pages\/17852\/revisions"}],"predecessor-version":[{"id":38341,"href":"https:\/\/permakultur-landwirtschaft.org\/fr\/wp-json\/wp\/v2\/pages\/17852\/revisions\/38341"}],"wp:featuredmedia":[{"embeddable":true,"href":"https:\/\/permakultur-landwirtschaft.org\/fr\/wp-json\/wp\/v2\/media\/33912"}],"wp:attachment":[{"href":"https:\/\/permakultur-landwirtschaft.org\/fr\/wp-json\/wp\/v2\/media?parent=17852"}],"curies":[{"name":"wp","href":"https:\/\/api.w.org\/{rel}","templated":true}]}}